{"id":65321,"date":"2024-09-19T17:15:31","date_gmt":"2024-09-19T14:15:31","guid":{"rendered":"https:\/\/staging.nbg.eu\/?post_type=product&#038;p=65321"},"modified":"2025-10-20T12:25:37","modified_gmt":"2025-10-20T09:25:37","slug":"rh-owb-classics-kabur","status":"publish","type":"product","link":"https:\/\/staging.nbg.eu\/et\/toode\/rh-owb-classics-kabur\/","title":{"rendered":"RH OWB Classics Kabur"},"content":{"rendered":"<div class=\"product-description\">\n<h2>RH OWB Klassikaline Kabuur<\/h2>\n<p>RH OWB Klassikaline Kabuur on v\u00f6\u00f6 peale kantav kabuur. See on valmistatud nahast ja \u00f5mmeldud. Kabuuri omadused:<\/p>\n<ul>\n<li>Vastupidav konstruktsioon<\/li>\n<li>Mugav kandmiseks<\/li>\n<li>Hoiab relva kindlalt paigas<\/li>\n<li>V\u00f5imaldab kiiret t\u00f5mbamist<\/li>\n<li>Klassikaline disain<\/li>\n<\/ul>\n<p>Saadaval paljudele k\u00e4situlirelvade mudelitele. Sobib varjatud kandmiseks, lasketiirus kasutamiseks v\u00f5i avalikuks kandmiseks.<\/p>\n<\/div>\n","protected":false},"excerpt":{"rendered":"<p>Turvaline, mugav OWB-v\u00f6\u00f6holster klassikalistele tulirelvadele. Vastupidav disain.<\/p>\n","protected":false},"featured_media":65447,"template":"","meta":{"_acf_changed":false},"product_brand":[11636],"product_cat":[1002,1004,1392],"product_tag":[],"class_list":{"0":"post-65321","1":"product","2":"type-product","3":"status-publish","4":"has-post-thumbnail","6":"product_brand-rh-holsters","7":"product_cat-holster-et","8":"product_cat-sport-holster-et","9":"product_cat-tactical-holster-et","10":"pa_belt-size-40mm-et","11":"pa_light-streamlight-tlr-1","12":"pa_light-surefire-x300-ultra-a-et","13":"pa_light-surefire-x300u","14":"pa_light-without-light-et","15":"pa_model-1911-et","16":"pa_model-beretta-92fs-et","17":"pa_model-beretta-92x-et","18":"pa_model-cz-75-b-et","19":"pa_model-glock-17-et","20":"pa_model-glock-19-17","21":"pa_model-glock-19-23-32-et","22":"pa_model-glock-43x-et","23":"pa_model-hk45-et-2","24":"pa_model-sig-sauer-p226-bez-railu-et","25":"pa_strong-hand-right-et","27":"first","28":"instock","29":"taxable","30":"shipping-taxable","31":"purchasable","32":"product-type-variable","33":"wvs-archive-product-wrapper"},"acf":[],"_links":{"self":[{"href":"https:\/\/staging.nbg.eu\/et\/wp-json\/wp\/v2\/product\/65321","targetHints":{"allow":["GET"]}}],"collection":[{"href":"https:\/\/staging.nbg.eu\/et\/wp-json\/wp\/v2\/product"}],"about":[{"href":"https:\/\/staging.nbg.eu\/et\/wp-json\/wp\/v2\/types\/product"}],"wp:featuredmedia":[{"embeddable":true,"href":"https:\/\/staging.nbg.eu\/et\/wp-json\/wp\/v2\/media\/65447"}],"wp:attachment":[{"href":"https:\/\/staging.nbg.eu\/et\/wp-json\/wp\/v2\/media?parent=65321"}],"wp:term":[{"taxonomy":"product_brand","embeddable":true,"href":"https:\/\/staging.nbg.eu\/et\/wp-json\/wp\/v2\/product_brand?post=65321"},{"taxonomy":"product_cat","embeddable":true,"href":"https:\/\/staging.nbg.eu\/et\/wp-json\/wp\/v2\/product_cat?post=65321"},{"taxonomy":"product_tag","embeddable":true,"href":"https:\/\/staging.nbg.eu\/et\/wp-json\/wp\/v2\/product_tag?post=65321"}],"curies":[{"name":"wp","href":"https:\/\/api.w.org\/{rel}","templated":true}]}}