{"id":63507,"date":"2024-01-23T18:50:53","date_gmt":"2024-09-16T13:21:02","guid":{"rendered":"https:\/\/staging.nbg.eu\/product\/iosso-case-polish\/"},"modified":"2024-09-16T13:21:49","modified_gmt":"2024-09-16T13:21:49","slug":"iosso-padrunite-poleerimispasta","status":"publish","type":"product","link":"https:\/\/staging.nbg.eu\/et\/toode\/iosso-padrunite-poleerimispasta\/","title":{"rendered":"Iosso Padrunite Poleerimispasta"},"content":{"rendered":"<p>\nIosso padrunikestade poleerimisvahend:<\/p>\n<ul>\n<li>Puhastab ja poleerib l\u00e4ikivaks<\/li>\n<li>Eemaldab mustuse, j\u00e4\u00e4gid ja oks\u00fcdatsiooni<\/li>\n<li>V\u00e4hendab puhastamisaega<\/li>\n<li>Kaitseb tulevase oks\u00fcdatsiooni eest<\/li>\n<li>Uus biop\u00f5hine koostis<\/li>\n<li>Ohutu kasutajatele ja keskkonnale<\/li>\n<\/ul>\n<p>Iosso padrunikestade poleerimisvahend taastab messingist padrunikestade v\u00e4limuse. Sobib m\u00e4\u00e4rdunud v\u00f5i eelpuhastatud padrunikestadele.<\/p>\n","protected":false},"excerpt":{"rendered":"<p>Iosso padronipoleer: taastab messingh\u00fclsside s\u00e4rava l\u00e4ike.<\/p>\n","protected":false},"featured_media":102443,"template":"","meta":{"_acf_changed":false},"product_brand":[11472],"product_cat":[1182,1060],"product_tag":[],"class_list":{"0":"post-63507","1":"product","2":"type-product","3":"status-publish","4":"has-post-thumbnail","6":"product_brand-iosso","7":"product_cat-case-preparation-et","8":"product_cat-reloading-et","10":"first","11":"instock","12":"taxable","13":"shipping-taxable","14":"purchasable","15":"product-type-variable","16":"wvs-archive-product-wrapper"},"acf":[],"_links":{"self":[{"href":"https:\/\/staging.nbg.eu\/et\/wp-json\/wp\/v2\/product\/63507","targetHints":{"allow":["GET"]}}],"collection":[{"href":"https:\/\/staging.nbg.eu\/et\/wp-json\/wp\/v2\/product"}],"about":[{"href":"https:\/\/staging.nbg.eu\/et\/wp-json\/wp\/v2\/types\/product"}],"wp:featuredmedia":[{"embeddable":true,"href":"https:\/\/staging.nbg.eu\/et\/wp-json\/wp\/v2\/media\/102443"}],"wp:attachment":[{"href":"https:\/\/staging.nbg.eu\/et\/wp-json\/wp\/v2\/media?parent=63507"}],"wp:term":[{"taxonomy":"product_brand","embeddable":true,"href":"https:\/\/staging.nbg.eu\/et\/wp-json\/wp\/v2\/product_brand?post=63507"},{"taxonomy":"product_cat","embeddable":true,"href":"https:\/\/staging.nbg.eu\/et\/wp-json\/wp\/v2\/product_cat?post=63507"},{"taxonomy":"product_tag","embeddable":true,"href":"https:\/\/staging.nbg.eu\/et\/wp-json\/wp\/v2\/product_tag?post=63507"}],"curies":[{"name":"wp","href":"https:\/\/api.w.org\/{rel}","templated":true}]}}