{"id":63399,"date":"2024-01-23T19:15:27","date_gmt":"2024-09-16T13:12:30","guid":{"rendered":"https:\/\/staging.nbg.eu\/product\/iosso-cotton-knit-cleaning-patches\/"},"modified":"2024-09-16T13:13:18","modified_gmt":"2024-09-16T13:13:18","slug":"iosso-puuvillane-kootud-puhastuslapid","status":"publish","type":"product","link":"https:\/\/staging.nbg.eu\/et\/toode\/iosso-puuvillane-kootud-puhastuslapid\/","title":{"rendered":"Iosso Puuvillane Kootud Puhastuslapid"},"content":{"rendered":"<p>\nIosso puuvillast kootud puhastuslapid: 100% puuvill, ebemevaba ja ei hargne. Kootud kangas eemaldab mustuse paremini kui flanell v\u00f5i akr\u00fc\u00fcl. Saadaval suurused:<\/p>\n<ul>\n<li>1-1\/2&#8243;: .22 p\u00fcssist kuni .270<\/li>\n<li>2-1\/2&#8243;: .338 kuni .357<\/li>\n<li>3&#8243;: jahip\u00fcssid<\/li>\n<li>6&#8243;: 37-40mm<\/li>\n<\/ul>\n<p>Kootud piquee kangas tagab t\u00f5husa puhastamise.<\/p>\n","protected":false},"excerpt":{"rendered":"<p>Ebemevabad kootud puuvillast lapid \u00fcliheaks tulirelva puhastamiseks.<\/p>\n","protected":false},"featured_media":107558,"template":"","meta":{"_acf_changed":false},"product_brand":[11472],"product_cat":[1417,1418],"product_tag":[],"class_list":{"0":"post-63399","1":"product","2":"type-product","3":"status-publish","4":"has-post-thumbnail","6":"product_brand-iosso","7":"product_cat-brushes-et","8":"product_cat-maintenance-et","10":"first","11":"instock","12":"taxable","13":"shipping-taxable","14":"purchasable","15":"product-type-variable","16":"wvs-archive-product-wrapper"},"acf":[],"_links":{"self":[{"href":"https:\/\/staging.nbg.eu\/et\/wp-json\/wp\/v2\/product\/63399","targetHints":{"allow":["GET"]}}],"collection":[{"href":"https:\/\/staging.nbg.eu\/et\/wp-json\/wp\/v2\/product"}],"about":[{"href":"https:\/\/staging.nbg.eu\/et\/wp-json\/wp\/v2\/types\/product"}],"wp:featuredmedia":[{"embeddable":true,"href":"https:\/\/staging.nbg.eu\/et\/wp-json\/wp\/v2\/media\/107558"}],"wp:attachment":[{"href":"https:\/\/staging.nbg.eu\/et\/wp-json\/wp\/v2\/media?parent=63399"}],"wp:term":[{"taxonomy":"product_brand","embeddable":true,"href":"https:\/\/staging.nbg.eu\/et\/wp-json\/wp\/v2\/product_brand?post=63399"},{"taxonomy":"product_cat","embeddable":true,"href":"https:\/\/staging.nbg.eu\/et\/wp-json\/wp\/v2\/product_cat?post=63399"},{"taxonomy":"product_tag","embeddable":true,"href":"https:\/\/staging.nbg.eu\/et\/wp-json\/wp\/v2\/product_tag?post=63399"}],"curies":[{"name":"wp","href":"https:\/\/api.w.org\/{rel}","templated":true}]}}