{"id":63342,"date":"2024-01-23T19:37:48","date_gmt":"2024-09-16T13:09:28","guid":{"rendered":"https:\/\/staging.nbg.eu\/product\/iosso-firearms-parts-cleaner-degreaser-37l\/"},"modified":"2024-09-16T13:10:15","modified_gmt":"2024-09-16T13:10:15","slug":"iosso-tulirelvade-osade-puhastusvahend-rasvaeemaldaja-37l","status":"publish","type":"product","link":"https:\/\/staging.nbg.eu\/et\/toode\/iosso-tulirelvade-osade-puhastusvahend-rasvaeemaldaja-37l\/","title":{"rendered":"Iosso Tulirelvade Osade Puhastusvahend (Rasvaeemaldaja, 3,7L)"},"content":{"rendered":"<p>\nIosso relvade osade puhastusaine: T\u00f5hus rasvaeemaldusvahend relvadele. See biolagunev puhastusaine eemaldab mustuse, s\u00fcsiniku, m\u00e4\u00e4rde ja j\u00e4\u00e4gid. Ohutu kasutamiseks ultraheliseadmetes, madala lenduvate orgaaniliste \u00fchendite sisaldusega ja valmistatud looduslikest taimeekstraktidest. Pihustage, leotage v\u00f5i p\u00fchkige puhastamiseks. Ohutu kasutajale ja keskkonnale.<\/p>\n","protected":false},"excerpt":{"rendered":"<p>Keskkonnas\u00f5bralik, v\u00f5imas rasvaeemaldi p\u00f5hjalikuks relvaosade puhastamiseks.<\/p>\n","protected":false},"featured_media":102522,"template":"","meta":{"_acf_changed":false},"product_brand":[11472],"product_cat":[1893,1418],"product_tag":[],"class_list":{"0":"post-63342","1":"product","2":"type-product","3":"status-publish","4":"has-post-thumbnail","6":"product_brand-iosso","7":"product_cat-cleaners-et","8":"product_cat-maintenance-et","10":"first","11":"instock","12":"taxable","13":"shipping-taxable","14":"purchasable","15":"product-type-simple"},"acf":[],"_links":{"self":[{"href":"https:\/\/staging.nbg.eu\/et\/wp-json\/wp\/v2\/product\/63342","targetHints":{"allow":["GET"]}}],"collection":[{"href":"https:\/\/staging.nbg.eu\/et\/wp-json\/wp\/v2\/product"}],"about":[{"href":"https:\/\/staging.nbg.eu\/et\/wp-json\/wp\/v2\/types\/product"}],"wp:featuredmedia":[{"embeddable":true,"href":"https:\/\/staging.nbg.eu\/et\/wp-json\/wp\/v2\/media\/102522"}],"wp:attachment":[{"href":"https:\/\/staging.nbg.eu\/et\/wp-json\/wp\/v2\/media?parent=63342"}],"wp:term":[{"taxonomy":"product_brand","embeddable":true,"href":"https:\/\/staging.nbg.eu\/et\/wp-json\/wp\/v2\/product_brand?post=63342"},{"taxonomy":"product_cat","embeddable":true,"href":"https:\/\/staging.nbg.eu\/et\/wp-json\/wp\/v2\/product_cat?post=63342"},{"taxonomy":"product_tag","embeddable":true,"href":"https:\/\/staging.nbg.eu\/et\/wp-json\/wp\/v2\/product_tag?post=63342"}],"curies":[{"name":"wp","href":"https:\/\/api.w.org\/{rel}","templated":true}]}}