{"id":63219,"date":"2024-01-23T19:51:36","date_gmt":"2024-09-16T13:02:57","guid":{"rendered":"https:\/\/staging.nbg.eu\/product\/iosso-sizing-lubricant-and-cleaner\/"},"modified":"2024-09-16T13:03:46","modified_gmt":"2024-09-16T13:03:46","slug":"iosso-suuruse-maeaere-ja-puhastusvahend","status":"publish","type":"product","link":"https:\/\/staging.nbg.eu\/et\/toode\/iosso-suuruse-maeaere-ja-puhastusvahend\/","title":{"rendered":"Iosso Suuruse M\u00e4\u00e4re ja Puhastusvahend"},"content":{"rendered":"<p>\nIosso padrunipesa m\u00e4\u00e4rdeaine ja puhastusvahend: biop\u00f5hine lahus padrunipesade m\u00f5\u00f5tmiseks. See 4-untsine toode puhastab ja m\u00e4\u00e4rib, v\u00e4ltides kinnij\u00e4\u00e4nud padrunipesi ja pikendades pressvormide eluiga. Vees lahustuv, biolagunev ja mittes\u00fcttiv. Takistab korrosiooni ja roostet. Katke padrunipesad, m\u00f5\u00f5tke, seej\u00e4rel p\u00fchkige v\u00f5i loputage enne uuesti laadimist.<\/p>\n","protected":false},"excerpt":{"rendered":"<p>Biop\u00f5hine puhastus- ja m\u00e4\u00e4rdeaine sujuvamaks m\u00f5\u00f5tmiseks ja pikema elueaga matriitside jaoks.<\/p>\n","protected":false},"featured_media":107656,"template":"","meta":{"_acf_changed":false},"product_brand":[11472],"product_cat":[1893,1060],"product_tag":[],"class_list":{"0":"post-63219","1":"product","2":"type-product","3":"status-publish","4":"has-post-thumbnail","6":"product_brand-iosso","7":"product_cat-cleaners-et","8":"product_cat-reloading-et","10":"first","11":"instock","12":"taxable","13":"shipping-taxable","14":"purchasable","15":"product-type-variable","16":"wvs-archive-product-wrapper"},"acf":[],"_links":{"self":[{"href":"https:\/\/staging.nbg.eu\/et\/wp-json\/wp\/v2\/product\/63219","targetHints":{"allow":["GET"]}}],"collection":[{"href":"https:\/\/staging.nbg.eu\/et\/wp-json\/wp\/v2\/product"}],"about":[{"href":"https:\/\/staging.nbg.eu\/et\/wp-json\/wp\/v2\/types\/product"}],"wp:featuredmedia":[{"embeddable":true,"href":"https:\/\/staging.nbg.eu\/et\/wp-json\/wp\/v2\/media\/107656"}],"wp:attachment":[{"href":"https:\/\/staging.nbg.eu\/et\/wp-json\/wp\/v2\/media?parent=63219"}],"wp:term":[{"taxonomy":"product_brand","embeddable":true,"href":"https:\/\/staging.nbg.eu\/et\/wp-json\/wp\/v2\/product_brand?post=63219"},{"taxonomy":"product_cat","embeddable":true,"href":"https:\/\/staging.nbg.eu\/et\/wp-json\/wp\/v2\/product_cat?post=63219"},{"taxonomy":"product_tag","embeddable":true,"href":"https:\/\/staging.nbg.eu\/et\/wp-json\/wp\/v2\/product_tag?post=63219"}],"curies":[{"name":"wp","href":"https:\/\/api.w.org\/{rel}","templated":true}]}}