{"id":63138,"date":"2024-01-24T09:44:05","date_gmt":"2024-09-16T13:00:33","guid":{"rendered":"https:\/\/staging.nbg.eu\/product\/iosso-triple-action-oil-solution\/"},"modified":"2024-09-16T13:01:19","modified_gmt":"2024-09-16T13:01:19","slug":"iosso-kolmekordne-olilahus","status":"publish","type":"product","link":"https:\/\/staging.nbg.eu\/et\/toode\/iosso-kolmekordne-olilahus\/","title":{"rendered":"Iosso Kolmekordne \u00d5lilahus"},"content":{"rendered":"<p>\nIosso kolmetoimeline \u00f5lilahus: Puhastage, m\u00e4\u00e4rige ja kaitske oma tulirelvi selle biolagunevat taimep\u00f5hist koostist kasutades. Tungib l\u00e4bi, et l\u00f5dvendada p\u00fcssirohtu, s\u00fcsinikku ja plastikpadruneid. Sobib osade m\u00e4\u00e4rimiseks ja korrosiooni t\u00f5kestamiseks. Toimib \u00e4\u00e4rmuslikes temperatuurides kuni -65\u00b0C. Keskkonnas\u00f5bralik ning efektiivne relvaraua puhastamiseks ja relvade hoolduseks.<\/p>\n","protected":false},"excerpt":{"rendered":"<p>Keskkonnas\u00f5bralik \u00f5li puhastab, m\u00e4\u00e4rib ja kaitseb tulirelvi t\u00f5husalt.<\/p>\n","protected":false},"featured_media":107610,"template":"","meta":{"_acf_changed":false},"product_brand":[11472],"product_cat":[1893,1914,1418],"product_tag":[],"class_list":{"0":"post-63138","1":"product","2":"type-product","3":"status-publish","4":"has-post-thumbnail","6":"product_brand-iosso","7":"product_cat-cleaners-et","8":"product_cat-lubricants-et","9":"product_cat-maintenance-et","11":"first","12":"instock","13":"taxable","14":"shipping-taxable","15":"purchasable","16":"product-type-variable","17":"wvs-archive-product-wrapper"},"acf":[],"_links":{"self":[{"href":"https:\/\/staging.nbg.eu\/et\/wp-json\/wp\/v2\/product\/63138","targetHints":{"allow":["GET"]}}],"collection":[{"href":"https:\/\/staging.nbg.eu\/et\/wp-json\/wp\/v2\/product"}],"about":[{"href":"https:\/\/staging.nbg.eu\/et\/wp-json\/wp\/v2\/types\/product"}],"wp:featuredmedia":[{"embeddable":true,"href":"https:\/\/staging.nbg.eu\/et\/wp-json\/wp\/v2\/media\/107610"}],"wp:attachment":[{"href":"https:\/\/staging.nbg.eu\/et\/wp-json\/wp\/v2\/media?parent=63138"}],"wp:term":[{"taxonomy":"product_brand","embeddable":true,"href":"https:\/\/staging.nbg.eu\/et\/wp-json\/wp\/v2\/product_brand?post=63138"},{"taxonomy":"product_cat","embeddable":true,"href":"https:\/\/staging.nbg.eu\/et\/wp-json\/wp\/v2\/product_cat?post=63138"},{"taxonomy":"product_tag","embeddable":true,"href":"https:\/\/staging.nbg.eu\/et\/wp-json\/wp\/v2\/product_tag?post=63138"}],"curies":[{"name":"wp","href":"https:\/\/api.w.org\/{rel}","templated":true}]}}