{"id":63086,"date":"2024-01-24T18:43:40","date_gmt":"2024-09-16T12:55:57","guid":{"rendered":"https:\/\/staging.nbg.eu\/product\/iosso-ar-bolt-carrier-key-tube-brush\/"},"modified":"2024-09-16T12:56:40","modified_gmt":"2024-09-16T12:56:40","slug":"iosso-ar-lukkupesa-votme-toru-hari","status":"publish","type":"product","link":"https:\/\/staging.nbg.eu\/et\/toode\/iosso-ar-lukkupesa-votme-toru-hari\/","title":{"rendered":"Iosso AR Lukkupesa V\u00f5tme Toru Hari"},"content":{"rendered":"<p>\nIosso AR p\u00fcssikanduri v\u00f5tme toru hari: Sobib t\u00e4pselt, eemaldab s\u00fcsiniku kogunemise. Kasutada koos Iosso \u00f5liga. Ei j\u00e4ta ebemeid. Sobib AR hoolduseks.<\/p>\n","protected":false},"excerpt":{"rendered":"<p>Iosso AR-i lukuraami v\u00f5tmetoru hari: Puhastab s\u00fcsiniku kogunemist t\u00f5husalt.<\/p>\n","protected":false},"featured_media":102280,"template":"","meta":{"_acf_changed":false},"product_brand":[11472],"product_cat":[1417,1418],"product_tag":[],"class_list":{"0":"post-63086","1":"product","2":"type-product","3":"status-publish","4":"has-post-thumbnail","6":"product_brand-iosso","7":"product_cat-brushes-et","8":"product_cat-maintenance-et","10":"first","11":"instock","12":"taxable","13":"shipping-taxable","14":"purchasable","15":"product-type-simple"},"acf":[],"_links":{"self":[{"href":"https:\/\/staging.nbg.eu\/et\/wp-json\/wp\/v2\/product\/63086","targetHints":{"allow":["GET"]}}],"collection":[{"href":"https:\/\/staging.nbg.eu\/et\/wp-json\/wp\/v2\/product"}],"about":[{"href":"https:\/\/staging.nbg.eu\/et\/wp-json\/wp\/v2\/types\/product"}],"wp:featuredmedia":[{"embeddable":true,"href":"https:\/\/staging.nbg.eu\/et\/wp-json\/wp\/v2\/media\/102280"}],"wp:attachment":[{"href":"https:\/\/staging.nbg.eu\/et\/wp-json\/wp\/v2\/media?parent=63086"}],"wp:term":[{"taxonomy":"product_brand","embeddable":true,"href":"https:\/\/staging.nbg.eu\/et\/wp-json\/wp\/v2\/product_brand?post=63086"},{"taxonomy":"product_cat","embeddable":true,"href":"https:\/\/staging.nbg.eu\/et\/wp-json\/wp\/v2\/product_cat?post=63086"},{"taxonomy":"product_tag","embeddable":true,"href":"https:\/\/staging.nbg.eu\/et\/wp-json\/wp\/v2\/product_tag?post=63086"}],"curies":[{"name":"wp","href":"https:\/\/api.w.org\/{rel}","templated":true}]}}