{"id":63044,"date":"2024-01-24T18:50:37","date_gmt":"2024-01-24T18:50:37","guid":{"rendered":"https:\/\/staging.nbg.eu\/product\/iosso-cleaning-brush-2-sided-2-pk\/"},"modified":"2024-09-16T12:54:09","modified_gmt":"2024-09-16T12:54:09","slug":"iosso-puhastushari-2-poolne-2tk","status":"publish","type":"product","link":"https:\/\/staging.nbg.eu\/et\/toode\/iosso-puhastushari-2-poolne-2tk\/","title":{"rendered":"Iosso Puhastushari 2 Poolne &#8211; 2tk"},"content":{"rendered":"<p>\nIosso kahepoolne puhastushari, 2 tk pakis, on varustatud vastupidavate nailonharjastega. Iga pakk sisaldab kahte harja, millel on lai, pikk k\u00fclg ja kitsas k\u00fclg. Sobib kasutamiseks Iosso Triple Action \u00f5li, p\u00fcssiraua puhastaja v\u00f5i metallipoleerimisvahendiga. Kasutatav s\u00fcsiniku p\u00f5lemisj\u00e4\u00e4kide ja p\u00fcssirohuj\u00e4\u00e4kide eemaldamiseks tulirelvadest v\u00f5i t\u00f6\u00f6stusrakendustes.<\/p>\n","protected":false},"excerpt":{"rendered":"<p>Kahepoolne nailonhari mitmek\u00fclgseks puhastamiseks. 2 tk pakendis.<\/p>\n","protected":false},"featured_media":63045,"template":"","meta":{"_acf_changed":false},"product_brand":[11472],"product_cat":[1417,1418],"product_tag":[],"class_list":{"0":"post-63044","1":"product","2":"type-product","3":"status-publish","4":"has-post-thumbnail","6":"product_brand-iosso","7":"product_cat-brushes-et","8":"product_cat-maintenance-et","10":"first","11":"instock","12":"taxable","13":"shipping-taxable","14":"purchasable","15":"product-type-simple"},"acf":[],"_links":{"self":[{"href":"https:\/\/staging.nbg.eu\/et\/wp-json\/wp\/v2\/product\/63044","targetHints":{"allow":["GET"]}}],"collection":[{"href":"https:\/\/staging.nbg.eu\/et\/wp-json\/wp\/v2\/product"}],"about":[{"href":"https:\/\/staging.nbg.eu\/et\/wp-json\/wp\/v2\/types\/product"}],"wp:featuredmedia":[{"embeddable":true,"href":"https:\/\/staging.nbg.eu\/et\/wp-json\/wp\/v2\/media\/63045"}],"wp:attachment":[{"href":"https:\/\/staging.nbg.eu\/et\/wp-json\/wp\/v2\/media?parent=63044"}],"wp:term":[{"taxonomy":"product_brand","embeddable":true,"href":"https:\/\/staging.nbg.eu\/et\/wp-json\/wp\/v2\/product_brand?post=63044"},{"taxonomy":"product_cat","embeddable":true,"href":"https:\/\/staging.nbg.eu\/et\/wp-json\/wp\/v2\/product_cat?post=63044"},{"taxonomy":"product_tag","embeddable":true,"href":"https:\/\/staging.nbg.eu\/et\/wp-json\/wp\/v2\/product_tag?post=63044"}],"curies":[{"name":"wp","href":"https:\/\/api.w.org\/{rel}","templated":true}]}}