{"id":63002,"date":"2024-01-25T20:06:46","date_gmt":"2024-09-16T12:23:08","guid":{"rendered":"https:\/\/staging.nbg.eu\/product\/iosso-ar-rifle-gas-tube-cleaning-kit\/"},"modified":"2024-09-16T12:23:51","modified_gmt":"2024-09-16T12:23:51","slug":"iosso-ar-puessi-gaasitoru-puhastuskomplekt","status":"publish","type":"product","link":"https:\/\/staging.nbg.eu\/et\/toode\/iosso-ar-puessi-gaasitoru-puhastuskomplekt\/","title":{"rendered":"Iosso AR P\u00fcssi Gaasitoru Puhastuskomplekt"},"content":{"rendered":"<p>\nIosso AR p\u00fcssi gaasitoru puhastuskomplekt sisaldab:<\/p>\n<ul>\n<li>Kaks spetsiaalset gaasitoru harja<\/li>\n<li>L\u00e4bipaistev juhttoru<\/li>\n<li>Iosso kolmetoimeline \u00f5li<\/li>\n<\/ul>\n<p>Puhastage gaasitoru ilma lahtiv\u00f5tmiseta. See aitab tagada luku korraliku toimimise ja v\u00e4ltida s\u00fcsiniku kogunemist. Puhastuss\u00fcsteem v\u00f5imaldab s\u00e4\u00e4sta aega ja vaeva.<\/p>\n","protected":false},"excerpt":{"rendered":"<p>T\u00f5hus AR gaasitoru puhasti &#8211; demonteerimist pole vaja.<\/p>\n","protected":false},"featured_media":102318,"template":"","meta":{"_acf_changed":false},"product_brand":[11472],"product_cat":[1417,1418],"product_tag":[],"class_list":{"0":"post-63002","1":"product","2":"type-product","3":"status-publish","4":"has-post-thumbnail","6":"product_brand-iosso","7":"product_cat-brushes-et","8":"product_cat-maintenance-et","10":"first","11":"instock","12":"taxable","13":"shipping-taxable","14":"purchasable","15":"product-type-simple"},"acf":[],"_links":{"self":[{"href":"https:\/\/staging.nbg.eu\/et\/wp-json\/wp\/v2\/product\/63002","targetHints":{"allow":["GET"]}}],"collection":[{"href":"https:\/\/staging.nbg.eu\/et\/wp-json\/wp\/v2\/product"}],"about":[{"href":"https:\/\/staging.nbg.eu\/et\/wp-json\/wp\/v2\/types\/product"}],"wp:featuredmedia":[{"embeddable":true,"href":"https:\/\/staging.nbg.eu\/et\/wp-json\/wp\/v2\/media\/102318"}],"wp:attachment":[{"href":"https:\/\/staging.nbg.eu\/et\/wp-json\/wp\/v2\/media?parent=63002"}],"wp:term":[{"taxonomy":"product_brand","embeddable":true,"href":"https:\/\/staging.nbg.eu\/et\/wp-json\/wp\/v2\/product_brand?post=63002"},{"taxonomy":"product_cat","embeddable":true,"href":"https:\/\/staging.nbg.eu\/et\/wp-json\/wp\/v2\/product_cat?post=63002"},{"taxonomy":"product_tag","embeddable":true,"href":"https:\/\/staging.nbg.eu\/et\/wp-json\/wp\/v2\/product_tag?post=63002"}],"curies":[{"name":"wp","href":"https:\/\/api.w.org\/{rel}","templated":true}]}}