{"id":62892,"date":"2024-01-25T20:19:03","date_gmt":"2024-09-16T12:21:06","guid":{"rendered":"https:\/\/staging.nbg.eu\/product\/iosso-chamber-brushes-2-pack\/"},"modified":"2024-09-16T12:21:57","modified_gmt":"2024-09-16T12:21:57","slug":"iosso-kambri-harjad-2-pakk","status":"publish","type":"product","link":"https:\/\/staging.nbg.eu\/et\/toode\/iosso-kambri-harjad-2-pakk\/","title":{"rendered":"Iosso Kambri Harjad 2 Pakk"},"content":{"rendered":"<p style=\"text-align: center\"><strong><span style=\"font-size: 170%\">Iosso kambriharjad (2 pakki)<\/span><\/strong><\/p>\n<p>Esimene hari 6.5 Creedmoor kambri puhastamiseks. Need on t\u00e4pseks puhastamiseks valmistatud t\u00e4psete m\u00f5\u00f5tudega. Valmistatud sinisest kiust, mis on paks, j\u00e4ik ja s\u00e4ilitab oma kuju paremini kui traditsioonilised messingust ja pronksist harjad. Neid saab kasutada mitu korda enne kulumist. Pakk sisaldab 2 harja. Soovitatavad puhastusvahendid selle harjaga kasutamiseks on Iosso rauapuhasti ja Iosso kolmetoimeline \u00f5li. <strong>Sinised harjad on Iosso Products kaubam\u00e4rk.<\/strong><\/p>\n<table width=\"305\">\n<tbody>\n<tr>\n<td width=\"305\"><strong>AR-15 kambrihari tihvtiga, 2 tk pakis<\/strong><\/td>\n<\/tr>\n<tr>\n<td><strong>Grendel AR-15 6.5 kambrihari, 2 tk pakis<\/strong><\/td>\n<\/tr>\n<tr>\n<td><strong>Creedmoor 6.5 kambrihari, 2 tk pakis<\/strong><\/td>\n<\/tr>\n<tr>\n<td><strong>AR.308 p\u00fcssi kambrihari tihvtiga, 2 tk pakis<\/strong><\/td>\n<\/tr>\n<\/tbody>\n<\/table>\n","protected":false},"excerpt":{"rendered":"<p><strong>Esimene hari 6.5 Creedmoori padrunipesa puhastamiseks<\/strong><\/p>\n","protected":false},"featured_media":107679,"template":"","meta":{"_acf_changed":false},"product_brand":[11472],"product_cat":[1417,1418],"product_tag":[],"class_list":{"0":"post-62892","1":"product","2":"type-product","3":"status-publish","4":"has-post-thumbnail","6":"product_brand-iosso","7":"product_cat-brushes-et","8":"product_cat-maintenance-et","9":"pa_model-6-5-creedmoor-et","10":"pa_model-6-5-grendel-et","11":"pa_model-ar-308-et","12":"pa_model-ar-15-et","14":"first","15":"instock","16":"taxable","17":"shipping-taxable","18":"purchasable","19":"product-type-variable","20":"wvs-archive-product-wrapper"},"acf":[],"_links":{"self":[{"href":"https:\/\/staging.nbg.eu\/et\/wp-json\/wp\/v2\/product\/62892","targetHints":{"allow":["GET"]}}],"collection":[{"href":"https:\/\/staging.nbg.eu\/et\/wp-json\/wp\/v2\/product"}],"about":[{"href":"https:\/\/staging.nbg.eu\/et\/wp-json\/wp\/v2\/types\/product"}],"wp:featuredmedia":[{"embeddable":true,"href":"https:\/\/staging.nbg.eu\/et\/wp-json\/wp\/v2\/media\/107679"}],"wp:attachment":[{"href":"https:\/\/staging.nbg.eu\/et\/wp-json\/wp\/v2\/media?parent=62892"}],"wp:term":[{"taxonomy":"product_brand","embeddable":true,"href":"https:\/\/staging.nbg.eu\/et\/wp-json\/wp\/v2\/product_brand?post=62892"},{"taxonomy":"product_cat","embeddable":true,"href":"https:\/\/staging.nbg.eu\/et\/wp-json\/wp\/v2\/product_cat?post=62892"},{"taxonomy":"product_tag","embeddable":true,"href":"https:\/\/staging.nbg.eu\/et\/wp-json\/wp\/v2\/product_tag?post=62892"}],"curies":[{"name":"wp","href":"https:\/\/api.w.org\/{rel}","templated":true}]}}