{"id":62756,"date":"2024-02-02T19:09:40","date_gmt":"2024-09-16T12:01:49","guid":{"rendered":"https:\/\/staging.nbg.eu\/product\/geissele-chf-chrome-lined-barrel-5-56-11-5\/"},"modified":"2024-09-16T12:02:37","modified_gmt":"2024-09-16T12:02:37","slug":"geissele-chf-kroomitud-raud-556-115","status":"publish","type":"product","link":"https:\/\/staging.nbg.eu\/et\/toode\/geissele-chf-kroomitud-raud-556-115\/","title":{"rendered":"Geissele CHF kroomitud raud 5.56 &#8211; 11.5&#8243;"},"content":{"rendered":"<div class=\"product-description\">\n<h2>Geissele CHF kroomitud relvaraud &#8211; 5,56<\/h2>\n<p>Geissele CHF kroomitud relvaraud 5,56 NATO jaoks on valmistatud North Wales&#8217;is, Pennsylvanias. See relvaraud \u00fchendab kaasaegse tehnoloogia ja kvaliteetse tootmise.<\/p>\n<ul>\n<li>K\u00fclmalt sepistatud (CHF) tugevuse ja vastupidavuse suurendamiseks<\/li>\n<li>Kroomitud korrosioonikindluse suurendamiseks ja lihtsamaks puhastamiseks<\/li>\n<li>K\u00f5rgsurvetestitud (HPT) ja magnetosakestega kontrollitud (MPI) kvaliteedi tagamiseks<\/li>\n<li>Sobib teenistusrelvadele, v\u00f5istlusrelvadele ja muudeks kasutusteks<\/li>\n<li>T\u00e4ppistoodetud kvaliteetsest materjalist \u00fchtluse ja t\u00e4psuse tagamiseks<\/li>\n<\/ul>\n<p>Geissele relvaraud sobib kasutamiseks erinevates olukordades.<\/p>\n<\/div>\n","protected":false},"excerpt":{"rendered":"<p>T\u00e4ppissepisatud 5,56 raudraud. HPT\/MPI testitud usaldusv\u00e4\u00e4rsuse tagamiseks.<\/p>\n","protected":false},"featured_media":62757,"template":"","meta":{"_acf_changed":false},"product_brand":[11385],"product_cat":[2124,2211,610,611],"product_tag":[],"class_list":{"0":"post-62756","1":"product","2":"type-product","3":"status-publish","4":"has-post-thumbnail","6":"product_brand-geissele","7":"product_cat-barrels-et","8":"product_cat-carbines-et","9":"product_cat-rifle-et","10":"product_cat-rifle-parts-et","12":"first","13":"instock","14":"taxable","15":"shipping-taxable","16":"product-type-simple"},"acf":[],"_links":{"self":[{"href":"https:\/\/staging.nbg.eu\/et\/wp-json\/wp\/v2\/product\/62756","targetHints":{"allow":["GET"]}}],"collection":[{"href":"https:\/\/staging.nbg.eu\/et\/wp-json\/wp\/v2\/product"}],"about":[{"href":"https:\/\/staging.nbg.eu\/et\/wp-json\/wp\/v2\/types\/product"}],"wp:featuredmedia":[{"embeddable":true,"href":"https:\/\/staging.nbg.eu\/et\/wp-json\/wp\/v2\/media\/62757"}],"wp:attachment":[{"href":"https:\/\/staging.nbg.eu\/et\/wp-json\/wp\/v2\/media?parent=62756"}],"wp:term":[{"taxonomy":"product_brand","embeddable":true,"href":"https:\/\/staging.nbg.eu\/et\/wp-json\/wp\/v2\/product_brand?post=62756"},{"taxonomy":"product_cat","embeddable":true,"href":"https:\/\/staging.nbg.eu\/et\/wp-json\/wp\/v2\/product_cat?post=62756"},{"taxonomy":"product_tag","embeddable":true,"href":"https:\/\/staging.nbg.eu\/et\/wp-json\/wp\/v2\/product_tag?post=62756"}],"curies":[{"name":"wp","href":"https:\/\/api.w.org\/{rel}","templated":true}]}}