{"id":62361,"date":"2024-02-14T06:58:29","date_gmt":"2024-09-16T11:49:53","guid":{"rendered":"https:\/\/staging.nbg.eu\/product\/geissele-super-mcx-ssa-m4-curved-trigger\/"},"modified":"2024-09-16T11:50:37","modified_gmt":"2024-09-16T11:50:37","slug":"geissele-super-mcx-ssa-m4-kumeraga-paastik","status":"publish","type":"product","link":"https:\/\/staging.nbg.eu\/et\/toode\/geissele-super-mcx-ssa-m4-kumeraga-paastik\/","title":{"rendered":"Geissele Super MCX SSA &#8211; M4 kumeraga paastik"},"content":{"rendered":"<div class=\"product-description\">\n<h2>Geissele Super MCX SSA &#8211; M4 kaarjas p\u00e4\u00e4stik<\/h2>\n<p>Geissele Super MCX SSA on kahe-etapiline p\u00e4\u00e4stik. See on tuletatud meie CRANE ohutussertifikaadiga M4 karabiin p\u00e4\u00e4stikust. See umbes 4,5-naelane mitte-reguleeritav p\u00e4\u00e4stik pakub:<\/p>\n<ul>\n<li>T\u00e4pset p\u00e4\u00e4stiku kontrolli<\/li>\n<li>Piisavalt kerge t\u00e4psuslaskmiseks<\/li>\n<li>Sobiv n\u00f5udlikeks olukordadeks nagu l\u00e4hiv\u00f5itlus<\/li>\n<li>Sobib jahipidamiseks, \u00f5iguskaitseorganitele ja s\u00f5jav\u00e4ele<\/li>\n<\/ul>\n<p>Super MCX SSA \u00fchendab j\u00f5udluse, usaldusv\u00e4\u00e4rsuse, ohutuse ja mitmek\u00fclgsuse, olles universaalne p\u00e4\u00e4stik teie tulirelvale.<\/p>\n<\/div>\n","protected":false},"excerpt":{"rendered":"<p>K\u00f5rge j\u00f5udlusega 2-astmeline p\u00e4\u00e4stik t\u00e4psuseks ja l\u00e4hiv\u00f5itluseks. 2 kg t\u00f5mbej\u00f5ud.<\/p>\n","protected":false},"featured_media":62362,"template":"","meta":{"_acf_changed":false},"product_brand":[11385],"product_cat":[610,611,2103],"product_tag":[],"class_list":{"0":"post-62361","1":"product","2":"type-product","3":"status-publish","4":"has-post-thumbnail","6":"product_brand-geissele","7":"product_cat-rifle-et","8":"product_cat-rifle-parts-et","9":"product_cat-triggers-et","11":"first","12":"instock","13":"taxable","14":"shipping-taxable","15":"product-type-simple"},"acf":[],"_links":{"self":[{"href":"https:\/\/staging.nbg.eu\/et\/wp-json\/wp\/v2\/product\/62361","targetHints":{"allow":["GET"]}}],"collection":[{"href":"https:\/\/staging.nbg.eu\/et\/wp-json\/wp\/v2\/product"}],"about":[{"href":"https:\/\/staging.nbg.eu\/et\/wp-json\/wp\/v2\/types\/product"}],"wp:featuredmedia":[{"embeddable":true,"href":"https:\/\/staging.nbg.eu\/et\/wp-json\/wp\/v2\/media\/62362"}],"wp:attachment":[{"href":"https:\/\/staging.nbg.eu\/et\/wp-json\/wp\/v2\/media?parent=62361"}],"wp:term":[{"taxonomy":"product_brand","embeddable":true,"href":"https:\/\/staging.nbg.eu\/et\/wp-json\/wp\/v2\/product_brand?post=62361"},{"taxonomy":"product_cat","embeddable":true,"href":"https:\/\/staging.nbg.eu\/et\/wp-json\/wp\/v2\/product_cat?post=62361"},{"taxonomy":"product_tag","embeddable":true,"href":"https:\/\/staging.nbg.eu\/et\/wp-json\/wp\/v2\/product_tag?post=62361"}],"curies":[{"name":"wp","href":"https:\/\/api.w.org\/{rel}","templated":true}]}}