{"id":62329,"date":"2024-02-14T07:09:17","date_gmt":"2024-09-16T11:47:17","guid":{"rendered":"https:\/\/staging.nbg.eu\/product\/geissele-super-semi-automatic-ssa-trigger\/"},"modified":"2024-09-16T11:48:00","modified_gmt":"2024-09-16T11:48:00","slug":"geissele-super-poolautomaatne-ssa-paastik","status":"publish","type":"product","link":"https:\/\/staging.nbg.eu\/et\/toode\/geissele-super-poolautomaatne-ssa-paastik\/","title":{"rendered":"Geissele Super poolautomaatne (SSA) paastik"},"content":{"rendered":"<h2>Geissele Super Semi-Automaatne (SSA\u00ae) P\u00e4\u00e4stik<\/h2>\n<p>Geissele SSA\u00ae p\u00e4\u00e4stik on Super Select-Fire p\u00e4\u00e4stiku poolautomaatne versioon. See mitteregleeritav kaheastmeline p\u00e4\u00e4stik pakub:<\/p>\n<ul>\n<li>T\u00e4psust t\u00e4pseteks laskudeks<\/li>\n<li>Mitmek\u00fclgsust l\u00e4hiv\u00f5itluseks<\/li>\n<li>Ohutussertifikaati Crane Naval Surface Warfare Center&#8217;ilt<\/li>\n<li>Sobivust \u00f5iguskaitseorganitele ja d\u00fcnaamilisteks olukordadeks<\/li>\n<\/ul>\n<p>SSA\u00ae disain v\u00f5imaldab kerget puudutust kauglaske t\u00e4psuseks, s\u00e4ilitades samal ajal vajaliku paindlikkuse kiirlaske olukordades. Geissele SSA\u00ae p\u00e4\u00e4stik toimib \u00fchtlaselt nii keskmaa karabiinitulistamisel kui ka k\u00f5rge stressiga olukordades.<\/p>\n<p>See p\u00e4\u00e4stikus\u00fcsteem on l\u00e4binud lahingukatsetused.<\/p>\n","protected":false},"excerpt":{"rendered":"<p>T\u00e4pne kaheastmeline p\u00e4\u00e4stik mitmek\u00fclgseks ja t\u00e4pseks laskmiseks.<\/p>\n","protected":false},"featured_media":62236,"template":"","meta":{"_acf_changed":false},"product_brand":[11385],"product_cat":[610,611,2103],"product_tag":[],"class_list":{"0":"post-62329","1":"product","2":"type-product","3":"status-publish","4":"has-post-thumbnail","6":"product_brand-geissele","7":"product_cat-rifle-et","8":"product_cat-rifle-parts-et","9":"product_cat-triggers-et","11":"first","12":"instock","13":"taxable","14":"shipping-taxable","15":"product-type-simple"},"acf":[],"_links":{"self":[{"href":"https:\/\/staging.nbg.eu\/et\/wp-json\/wp\/v2\/product\/62329","targetHints":{"allow":["GET"]}}],"collection":[{"href":"https:\/\/staging.nbg.eu\/et\/wp-json\/wp\/v2\/product"}],"about":[{"href":"https:\/\/staging.nbg.eu\/et\/wp-json\/wp\/v2\/types\/product"}],"wp:featuredmedia":[{"embeddable":true,"href":"https:\/\/staging.nbg.eu\/et\/wp-json\/wp\/v2\/media\/62236"}],"wp:attachment":[{"href":"https:\/\/staging.nbg.eu\/et\/wp-json\/wp\/v2\/media?parent=62329"}],"wp:term":[{"taxonomy":"product_brand","embeddable":true,"href":"https:\/\/staging.nbg.eu\/et\/wp-json\/wp\/v2\/product_brand?post=62329"},{"taxonomy":"product_cat","embeddable":true,"href":"https:\/\/staging.nbg.eu\/et\/wp-json\/wp\/v2\/product_cat?post=62329"},{"taxonomy":"product_tag","embeddable":true,"href":"https:\/\/staging.nbg.eu\/et\/wp-json\/wp\/v2\/product_tag?post=62329"}],"curies":[{"name":"wp","href":"https:\/\/api.w.org\/{rel}","templated":true}]}}