{"id":62235,"date":"2024-02-14T07:22:04","date_gmt":"2024-02-14T07:22:04","guid":{"rendered":"https:\/\/staging.nbg.eu\/product\/geissele-super-semi-automatic-enhanced-ssa-e-trigger\/"},"modified":"2024-09-16T11:44:51","modified_gmt":"2024-09-16T11:44:51","slug":"geissele-super-poolautomaatne-taiustatud-ssa-e-paastik","status":"publish","type":"product","link":"https:\/\/staging.nbg.eu\/et\/toode\/geissele-super-poolautomaatne-taiustatud-ssa-e-paastik\/","title":{"rendered":"Geissele Super poolautomaatne taiustatud (SSA-E) paastik"},"content":{"rendered":"<div class=\"product-description\">\n<h2>Geissele Super Semi-Automaatne T\u00e4iustatud (SSA-E\u2122) P\u00e4\u00e4stik<\/h2>\n<p>Geissele SSA-E\u2122 p\u00e4\u00e4stik p\u00f5hineb SSA\u00ae raamil. See t\u00e4iustatud kaheastmeline p\u00e4\u00e4stik pakub:<\/p>\n<ul>\n<li>V\u00e4hendatud t\u00f5mbej\u00f5ud sujuvamaks kasutamiseks<\/li>\n<li>Kerge esimese astme t\u00f5mme<\/li>\n<li>Terav teise astme vallandumine<\/li>\n<li>Lahingus t\u00f5estatud t\u00f6\u00f6kindlus<\/li>\n<li>Mittereguleeritav sisseehitatud disain<\/li>\n<\/ul>\n<p>SSA-E\u2122 on m\u00f5eldud t\u00e4psuslaskuri relvadele. See p\u00e4\u00e4stik on tuletatud meie t\u00e4isautomaatsest lahingup\u00e4\u00e4stikust, mida kasutavad USA erioperatsioonide \u00fcksused. See poolautomaatne versioon tagab k\u00f5rge j\u00f5udluse, kus t\u00f6\u00f6kindlus on kriitilise t\u00e4htsusega.<\/p>\n<\/div>\n","protected":false},"excerpt":{"rendered":"<p>T\u00e4iustatud t\u00e4psusp\u00e4\u00e4stik laskuritele: sujuv t\u00f5mme, selge l\u00f6\u00f6kl\u00fclitus.<\/p>\n","protected":false},"featured_media":62236,"template":"","meta":{"_acf_changed":false},"product_brand":[11385],"product_cat":[610,611,2103],"product_tag":[],"class_list":{"0":"post-62235","1":"product","2":"type-product","3":"status-publish","4":"has-post-thumbnail","6":"product_brand-geissele","7":"product_cat-rifle-et","8":"product_cat-rifle-parts-et","9":"product_cat-triggers-et","11":"first","12":"instock","13":"taxable","14":"shipping-taxable","15":"product-type-simple"},"acf":[],"_links":{"self":[{"href":"https:\/\/staging.nbg.eu\/et\/wp-json\/wp\/v2\/product\/62235","targetHints":{"allow":["GET"]}}],"collection":[{"href":"https:\/\/staging.nbg.eu\/et\/wp-json\/wp\/v2\/product"}],"about":[{"href":"https:\/\/staging.nbg.eu\/et\/wp-json\/wp\/v2\/types\/product"}],"wp:featuredmedia":[{"embeddable":true,"href":"https:\/\/staging.nbg.eu\/et\/wp-json\/wp\/v2\/media\/62236"}],"wp:attachment":[{"href":"https:\/\/staging.nbg.eu\/et\/wp-json\/wp\/v2\/media?parent=62235"}],"wp:term":[{"taxonomy":"product_brand","embeddable":true,"href":"https:\/\/staging.nbg.eu\/et\/wp-json\/wp\/v2\/product_brand?post=62235"},{"taxonomy":"product_cat","embeddable":true,"href":"https:\/\/staging.nbg.eu\/et\/wp-json\/wp\/v2\/product_cat?post=62235"},{"taxonomy":"product_tag","embeddable":true,"href":"https:\/\/staging.nbg.eu\/et\/wp-json\/wp\/v2\/product_tag?post=62235"}],"curies":[{"name":"wp","href":"https:\/\/api.w.org\/{rel}","templated":true}]}}