{"id":62093,"date":"2024-02-14T07:32:28","date_gmt":"2024-09-16T11:41:24","guid":{"rendered":"https:\/\/staging.nbg.eu\/product\/geissele-ssa-x-trigger-with-lightning-bow\/"},"modified":"2024-09-16T11:42:09","modified_gmt":"2024-09-16T11:42:09","slug":"geissele-ssa-x-paastik-lightning-bow-kaarega","status":"publish","type":"product","link":"https:\/\/staging.nbg.eu\/et\/toode\/geissele-ssa-x-paastik-lightning-bow-kaarega\/","title":{"rendered":"Geissele SSA X paastik Lightning Bow kaarega"},"content":{"rendered":"<div class=\"product-description\">\n<h2>Geissele SSA X p\u00e4\u00e4stik Lightning Bow\u00ae tehnoloogiaga<\/h2>\n<p>SSA-X p\u00e4\u00e4stik Lightning Bow\u00ae tehnoloogiaga. P\u00e4\u00e4stik \u00fchendab:<\/p>\n<ul>\n<li>Poolk\u00f5ver, laia kehaga profiil<\/li>\n<li>Tavaliste k\u00f5verate AR-p\u00e4\u00e4stikute ja lameda kaarega disainide parimad omadused<\/li>\n<li>Nanoweapon kate kulumis- ja korrosioonikindluse suurendamiseks<\/li>\n<li>Sujuv t\u00f6\u00f6 minimaalse m\u00e4\u00e4rimisega<\/li>\n<\/ul>\n<p>J\u00e4rgides SSA traditsiooni, pakub see t\u00f6\u00f6kindel p\u00e4\u00e4stik:<\/p>\n<ul>\n<li>T\u00e4psus pikkade vahemaade laskmiseks<\/li>\n<li>Sobivus l\u00e4hiv\u00f5itluse (CQB) stsenaariumideks<\/li>\n<\/ul>\n<p>Geissele SSA X p\u00e4\u00e4stik parandab AR-i j\u00f5udlust.<\/p>\n<\/div>\n","protected":false},"excerpt":{"rendered":"<p>T\u00e4ppisvalmistatud AR-p\u00e4\u00e4stik h\u00fcbriidkaarega \u00fclimat kontrolli ja vastupidavust pakkuv lahendus.<\/p>\n","protected":false},"featured_media":62094,"template":"","meta":{"_acf_changed":false},"product_brand":[11385],"product_cat":[610,611,2103],"product_tag":[],"class_list":{"0":"post-62093","1":"product","2":"type-product","3":"status-publish","4":"has-post-thumbnail","6":"product_brand-geissele","7":"product_cat-rifle-et","8":"product_cat-rifle-parts-et","9":"product_cat-triggers-et","11":"first","12":"instock","13":"taxable","14":"shipping-taxable","15":"product-type-simple"},"acf":[],"_links":{"self":[{"href":"https:\/\/staging.nbg.eu\/et\/wp-json\/wp\/v2\/product\/62093","targetHints":{"allow":["GET"]}}],"collection":[{"href":"https:\/\/staging.nbg.eu\/et\/wp-json\/wp\/v2\/product"}],"about":[{"href":"https:\/\/staging.nbg.eu\/et\/wp-json\/wp\/v2\/types\/product"}],"wp:featuredmedia":[{"embeddable":true,"href":"https:\/\/staging.nbg.eu\/et\/wp-json\/wp\/v2\/media\/62094"}],"wp:attachment":[{"href":"https:\/\/staging.nbg.eu\/et\/wp-json\/wp\/v2\/media?parent=62093"}],"wp:term":[{"taxonomy":"product_brand","embeddable":true,"href":"https:\/\/staging.nbg.eu\/et\/wp-json\/wp\/v2\/product_brand?post=62093"},{"taxonomy":"product_cat","embeddable":true,"href":"https:\/\/staging.nbg.eu\/et\/wp-json\/wp\/v2\/product_cat?post=62093"},{"taxonomy":"product_tag","embeddable":true,"href":"https:\/\/staging.nbg.eu\/et\/wp-json\/wp\/v2\/product_tag?post=62093"}],"curies":[{"name":"wp","href":"https:\/\/api.w.org\/{rel}","templated":true}]}}