{"id":62030,"date":"2024-02-14T07:49:55","date_gmt":"2024-09-16T11:38:23","guid":{"rendered":"https:\/\/staging.nbg.eu\/product\/geissele-ssa-e-x-trigger-with-lightning-bow\/"},"modified":"2024-09-16T11:39:08","modified_gmt":"2024-09-16T11:39:08","slug":"geissele-ssa-e-x-paastik-lightning-bow-kaarega","status":"publish","type":"product","link":"https:\/\/staging.nbg.eu\/et\/toode\/geissele-ssa-e-x-paastik-lightning-bow-kaarega\/","title":{"rendered":"Geissele SSA-E X paastik Lightning Bow kaarega"},"content":{"rendered":"<div class=\"product-description\">\n<h2>Geissele SSA-E X p\u00e4\u00e4stik Lightning Bow\u00ae-ga<\/h2>\n<p>SSA-E X\u2122 Lightning Bow\u00ae-ga p\u00e4\u00e4stik pakub j\u00e4rgmisi omadusi:<\/p>\n<ul>\n<li>Poolkaarjas, laia korpusega profiil<\/li>\n<li>Nanoweapon-kattega vastupidavuse t\u00f5stmiseks<\/li>\n<li>Sujuv, kerge esimese astme t\u00f5mme<\/li>\n<li>T\u00e4pne teise astme vallandumine<\/li>\n<\/ul>\n<p>SSA-E X\u2122 sobib t\u00e4psuslaskuri relvadele. See \u00fchendab t\u00e4psuse ja usaldusv\u00e4\u00e4rsuse. Disain kombineerib kaarjate ja lamedate p\u00e4\u00e4stikute omadusi ning toimib h\u00e4sti ka v\u00e4hese m\u00e4\u00e4rimisega.<\/p>\n<\/div>\n","protected":false},"excerpt":{"rendered":"<p>T\u00e4pne AR-p\u00e4\u00e4stik h\u00fcbriidvibu disainiga, tagades parema kontrolli ja t\u00e4psuse.<\/p>\n","protected":false},"featured_media":62031,"template":"","meta":{"_acf_changed":false},"product_brand":[11385],"product_cat":[610,611,2103],"product_tag":[],"class_list":{"0":"post-62030","1":"product","2":"type-product","3":"status-publish","4":"has-post-thumbnail","6":"product_brand-geissele","7":"product_cat-rifle-et","8":"product_cat-rifle-parts-et","9":"product_cat-triggers-et","11":"first","12":"instock","13":"taxable","14":"shipping-taxable","15":"product-type-simple"},"acf":[],"_links":{"self":[{"href":"https:\/\/staging.nbg.eu\/et\/wp-json\/wp\/v2\/product\/62030","targetHints":{"allow":["GET"]}}],"collection":[{"href":"https:\/\/staging.nbg.eu\/et\/wp-json\/wp\/v2\/product"}],"about":[{"href":"https:\/\/staging.nbg.eu\/et\/wp-json\/wp\/v2\/types\/product"}],"wp:featuredmedia":[{"embeddable":true,"href":"https:\/\/staging.nbg.eu\/et\/wp-json\/wp\/v2\/media\/62031"}],"wp:attachment":[{"href":"https:\/\/staging.nbg.eu\/et\/wp-json\/wp\/v2\/media?parent=62030"}],"wp:term":[{"taxonomy":"product_brand","embeddable":true,"href":"https:\/\/staging.nbg.eu\/et\/wp-json\/wp\/v2\/product_brand?post=62030"},{"taxonomy":"product_cat","embeddable":true,"href":"https:\/\/staging.nbg.eu\/et\/wp-json\/wp\/v2\/product_cat?post=62030"},{"taxonomy":"product_tag","embeddable":true,"href":"https:\/\/staging.nbg.eu\/et\/wp-json\/wp\/v2\/product_tag?post=62030"}],"curies":[{"name":"wp","href":"https:\/\/api.w.org\/{rel}","templated":true}]}}