{"id":61966,"date":"2024-02-14T11:11:36","date_gmt":"2024-09-16T11:22:07","guid":{"rendered":"https:\/\/staging.nbg.eu\/product\/geissele-super-dynamic-enhanced-sd-e-trigger\/"},"modified":"2024-09-16T11:22:52","modified_gmt":"2024-09-16T11:22:52","slug":"geissele-super-dynamic-enhanced-sd-e-paastik","status":"publish","type":"product","link":"https:\/\/staging.nbg.eu\/et\/toode\/geissele-super-dynamic-enhanced-sd-e-paastik\/","title":{"rendered":"Geissele Super Dynamic Enhanced (SD-E) paastik"},"content":{"rendered":"<div class=\"product-description\">\n<h2>Geissele Super Dynamic Enhanced (SD-E) p\u00e4\u00e4stik<\/h2>\n<p>Geissele SD-E p\u00e4\u00e4stik on kaheastmeline p\u00e4\u00e4stik, millel on j\u00e4rgmised omadused:<\/p>\n<ul>\n<li>Lame p\u00e4\u00e4stikukaar<\/li>\n<li>H\u00e4\u00e4lestatud mehhanism parema kontrolli jaoks<\/li>\n<li>Parandatud relva t\u00e4psus<\/li>\n<li>Usaldusv\u00e4\u00e4rne kasutus<\/li>\n<\/ul>\n<p>SD-E on SSA-E lametriggeriga variant, mis pakub samasugust j\u00f5udlust. Selle disain tagab:<\/p>\n<ul>\n<li>T\u00e4pse p\u00e4\u00e4stiku vabastamise<\/li>\n<li>\u00dchtlase t\u00f5mbej\u00f5u<\/li>\n<li>Kiirema j\u00e4rgnevate laskude tegemise<\/li>\n<\/ul>\n<p>Geissele SD-E p\u00e4\u00e4stik \u00fchendab t\u00e4psuse ja j\u00f5udluse.<\/p>\n<\/div>\n","protected":false},"excerpt":{"rendered":"<p>T\u00e4pne lamekaarega kaheastmeline p\u00e4\u00e4stik parema kontrolli ja t\u00e4psuse tagamiseks.<\/p>\n","protected":false},"featured_media":61967,"template":"","meta":{"_acf_changed":false},"product_brand":[11385],"product_cat":[610,611,2103],"product_tag":[],"class_list":{"0":"post-61966","1":"product","2":"type-product","3":"status-publish","4":"has-post-thumbnail","6":"product_brand-geissele","7":"product_cat-rifle-et","8":"product_cat-rifle-parts-et","9":"product_cat-triggers-et","11":"first","12":"instock","13":"taxable","14":"shipping-taxable","15":"product-type-simple"},"acf":[],"_links":{"self":[{"href":"https:\/\/staging.nbg.eu\/et\/wp-json\/wp\/v2\/product\/61966","targetHints":{"allow":["GET"]}}],"collection":[{"href":"https:\/\/staging.nbg.eu\/et\/wp-json\/wp\/v2\/product"}],"about":[{"href":"https:\/\/staging.nbg.eu\/et\/wp-json\/wp\/v2\/types\/product"}],"wp:featuredmedia":[{"embeddable":true,"href":"https:\/\/staging.nbg.eu\/et\/wp-json\/wp\/v2\/media\/61967"}],"wp:attachment":[{"href":"https:\/\/staging.nbg.eu\/et\/wp-json\/wp\/v2\/media?parent=61966"}],"wp:term":[{"taxonomy":"product_brand","embeddable":true,"href":"https:\/\/staging.nbg.eu\/et\/wp-json\/wp\/v2\/product_brand?post=61966"},{"taxonomy":"product_cat","embeddable":true,"href":"https:\/\/staging.nbg.eu\/et\/wp-json\/wp\/v2\/product_cat?post=61966"},{"taxonomy":"product_tag","embeddable":true,"href":"https:\/\/staging.nbg.eu\/et\/wp-json\/wp\/v2\/product_tag?post=61966"}],"curies":[{"name":"wp","href":"https:\/\/api.w.org\/{rel}","templated":true}]}}