{"id":61904,"date":"2024-02-14T11:24:38","date_gmt":"2024-09-16T11:18:20","guid":{"rendered":"https:\/\/staging.nbg.eu\/product\/geissele-super-dynamic-3-gun-sd-3g-trigger\/"},"modified":"2024-09-16T11:19:05","modified_gmt":"2024-09-16T11:19:05","slug":"geissele-super-dynamic-3-gun-sd-3g-paastik","status":"publish","type":"product","link":"https:\/\/staging.nbg.eu\/et\/toode\/geissele-super-dynamic-3-gun-sd-3g-paastik\/","title":{"rendered":"Geissele Super Dynamic 3 Gun (SD-3G) paastik"},"content":{"rendered":"<div class=\"product-description\">\n<h2>Geissele Super Dynamic 3 Gun (SD-3G) p\u00e4\u00e4stik<\/h2>\n<p>Geissele SD-3G p\u00e4\u00e4stiku omadused:<\/p>\n<ul>\n<li>Lame p\u00e4\u00e4stikukaar v\u00e4hendatud tajutava t\u00f5mbej\u00f5uga<\/li>\n<li>H\u00fcbriidne disain, mis \u00fchendab \u00fche- ja kaheastmelise p\u00e4\u00e4stiku omadused<\/li>\n<li>L\u00fchendatud t\u00f5mbepikkus ja kiire taastumine<\/li>\n<li>Parem taktiilne tagasiside<\/li>\n<li>Sobib 3 Gun v\u00f5istlusteks<\/li>\n<\/ul>\n<p>Sobib l\u00fchikese distantsi v\u00f5istlustele, mis n\u00f5uavad kiiret sihtimist ja j\u00e4rellaskmist. Ei soovitata teenistuslikuks kasutamiseks, t\u00e4psuslaskmiseks ega lasketoega laskmiseks.<\/p>\n<p><strong>M\u00e4rkus:<\/strong> SD-3G on kiire, s\u00e4ilitades kaheastmelise lahingp\u00e4\u00e4stiku ohutuse ja vastupidavuse.<\/p>\n<\/div>\n","protected":false},"excerpt":{"rendered":"<p>Lame-vibuga 3-relva p\u00e4\u00e4stik: \u00fclikiire, l\u00fchikese t\u00f5mbega, kiire l\u00e4htestusega.<\/p>\n","protected":false},"featured_media":61905,"template":"","meta":{"_acf_changed":false},"product_brand":[11385],"product_cat":[610,611,2103],"product_tag":[],"class_list":{"0":"post-61904","1":"product","2":"type-product","3":"status-publish","4":"has-post-thumbnail","6":"product_brand-geissele","7":"product_cat-rifle-et","8":"product_cat-rifle-parts-et","9":"product_cat-triggers-et","11":"first","12":"outofstock","13":"taxable","14":"shipping-taxable","15":"product-type-simple"},"acf":[],"_links":{"self":[{"href":"https:\/\/staging.nbg.eu\/et\/wp-json\/wp\/v2\/product\/61904","targetHints":{"allow":["GET"]}}],"collection":[{"href":"https:\/\/staging.nbg.eu\/et\/wp-json\/wp\/v2\/product"}],"about":[{"href":"https:\/\/staging.nbg.eu\/et\/wp-json\/wp\/v2\/types\/product"}],"wp:featuredmedia":[{"embeddable":true,"href":"https:\/\/staging.nbg.eu\/et\/wp-json\/wp\/v2\/media\/61905"}],"wp:attachment":[{"href":"https:\/\/staging.nbg.eu\/et\/wp-json\/wp\/v2\/media?parent=61904"}],"wp:term":[{"taxonomy":"product_brand","embeddable":true,"href":"https:\/\/staging.nbg.eu\/et\/wp-json\/wp\/v2\/product_brand?post=61904"},{"taxonomy":"product_cat","embeddable":true,"href":"https:\/\/staging.nbg.eu\/et\/wp-json\/wp\/v2\/product_cat?post=61904"},{"taxonomy":"product_tag","embeddable":true,"href":"https:\/\/staging.nbg.eu\/et\/wp-json\/wp\/v2\/product_tag?post=61904"}],"curies":[{"name":"wp","href":"https:\/\/api.w.org\/{rel}","templated":true}]}}