{"id":61842,"date":"2024-02-14T19:46:21","date_gmt":"2024-09-16T11:14:12","guid":{"rendered":"https:\/\/staging.nbg.eu\/product\/geissele-hk-mr-556-trigger\/"},"modified":"2024-09-16T11:14:56","modified_gmt":"2024-09-16T11:14:56","slug":"geissele-hk-mr-556-paastik","status":"publish","type":"product","link":"https:\/\/staging.nbg.eu\/et\/toode\/geissele-hk-mr-556-paastik\/","title":{"rendered":"Geissele HK MR 556 paastik"},"content":{"rendered":"<h2>Geissele HK MR 556 p\u00e4\u00e4stik<\/h2>\n<p>Geissele HK MR 556 p\u00e4\u00e4stik HK 556 v\u00f5i poolautomaatse HK 416 jaoks. Sarnane meie SSA p\u00e4\u00e4stikule, see lisaseade pakub:<\/p>\n<ul>\n<li>Paremat t\u00e4psust<\/li>\n<li>Sujuvamat t\u00f5mmet<\/li>\n<li>Kiiremaid j\u00e4rellaske<\/li>\n<li>\u00dchildub HK 556 ja poolautomaatse HK 416-ga<\/li>\n<\/ul>\n<p>Geissele valmistatud p\u00e4\u00e4stik.<\/p>\n","protected":false},"excerpt":{"rendered":"<p>T\u00e4pne HK MR 556\/416 p\u00e4\u00e4stik. SSA-sarnane j\u00f5udlus suurendatud t\u00e4psuse saavutamiseks.<\/p>\n","protected":false},"featured_media":61843,"template":"","meta":{"_acf_changed":false},"product_brand":[11385],"product_cat":[610,611,2103],"product_tag":[],"class_list":{"0":"post-61842","1":"product","2":"type-product","3":"status-publish","4":"has-post-thumbnail","6":"product_brand-geissele","7":"product_cat-rifle-et","8":"product_cat-rifle-parts-et","9":"product_cat-triggers-et","11":"first","12":"instock","13":"taxable","14":"shipping-taxable","15":"product-type-simple"},"acf":[],"_links":{"self":[{"href":"https:\/\/staging.nbg.eu\/et\/wp-json\/wp\/v2\/product\/61842","targetHints":{"allow":["GET"]}}],"collection":[{"href":"https:\/\/staging.nbg.eu\/et\/wp-json\/wp\/v2\/product"}],"about":[{"href":"https:\/\/staging.nbg.eu\/et\/wp-json\/wp\/v2\/types\/product"}],"wp:featuredmedia":[{"embeddable":true,"href":"https:\/\/staging.nbg.eu\/et\/wp-json\/wp\/v2\/media\/61843"}],"wp:attachment":[{"href":"https:\/\/staging.nbg.eu\/et\/wp-json\/wp\/v2\/media?parent=61842"}],"wp:term":[{"taxonomy":"product_brand","embeddable":true,"href":"https:\/\/staging.nbg.eu\/et\/wp-json\/wp\/v2\/product_brand?post=61842"},{"taxonomy":"product_cat","embeddable":true,"href":"https:\/\/staging.nbg.eu\/et\/wp-json\/wp\/v2\/product_cat?post=61842"},{"taxonomy":"product_tag","embeddable":true,"href":"https:\/\/staging.nbg.eu\/et\/wp-json\/wp\/v2\/product_tag?post=61842"}],"curies":[{"name":"wp","href":"https:\/\/api.w.org\/{rel}","templated":true}]}}