{"id":61780,"date":"2024-02-14T19:52:46","date_gmt":"2024-09-16T11:12:20","guid":{"rendered":"https:\/\/staging.nbg.eu\/product\/geissele-hk-mr-762-trigger\/"},"modified":"2024-09-16T11:13:05","modified_gmt":"2024-09-16T11:13:05","slug":"geissele-hk-mr-762-paastik","status":"publish","type":"product","link":"https:\/\/staging.nbg.eu\/et\/toode\/geissele-hk-mr-762-paastik\/","title":{"rendered":"Geissele HK MR 762 paastik"},"content":{"rendered":"<div class=\"product-description\">\n<h2>Geissele HK MR 762 p\u00e4\u00e4stik<\/h2>\n<p>HK 762 v\u00f5i poolautomaatse HK 417 jaoks. Geissele HK MR 762 p\u00e4\u00e4stik, sarnane meie SSA p\u00e4\u00e4stikuga, pakub:<\/p>\n<ul>\n<li>Sujuv t\u00f5mme<\/li>\n<li>Parem t\u00e4psus<\/li>\n<li>\u00dchildub HK 762 ja HK 417 mudelitega<\/li>\n<li>Vastupidav konstruktsioon<\/li>\n<\/ul>\n<p>Geissele p\u00e4\u00e4stiku tehnoloogia.<\/p>\n<\/div>\n","protected":false},"excerpt":{"rendered":"<p>T\u00e4pne SSA-stiilis p\u00e4\u00e4stik HK 762 ja poolautomaatsete HK 417 p\u00fcssidele.<\/p>\n","protected":false},"featured_media":61781,"template":"","meta":{"_acf_changed":false},"product_brand":[11385],"product_cat":[610,611,2103],"product_tag":[],"class_list":{"0":"post-61780","1":"product","2":"type-product","3":"status-publish","4":"has-post-thumbnail","6":"product_brand-geissele","7":"product_cat-rifle-et","8":"product_cat-rifle-parts-et","9":"product_cat-triggers-et","11":"first","12":"instock","13":"taxable","14":"shipping-taxable","15":"product-type-simple"},"acf":[],"_links":{"self":[{"href":"https:\/\/staging.nbg.eu\/et\/wp-json\/wp\/v2\/product\/61780","targetHints":{"allow":["GET"]}}],"collection":[{"href":"https:\/\/staging.nbg.eu\/et\/wp-json\/wp\/v2\/product"}],"about":[{"href":"https:\/\/staging.nbg.eu\/et\/wp-json\/wp\/v2\/types\/product"}],"wp:featuredmedia":[{"embeddable":true,"href":"https:\/\/staging.nbg.eu\/et\/wp-json\/wp\/v2\/media\/61781"}],"wp:attachment":[{"href":"https:\/\/staging.nbg.eu\/et\/wp-json\/wp\/v2\/media?parent=61780"}],"wp:term":[{"taxonomy":"product_brand","embeddable":true,"href":"https:\/\/staging.nbg.eu\/et\/wp-json\/wp\/v2\/product_brand?post=61780"},{"taxonomy":"product_cat","embeddable":true,"href":"https:\/\/staging.nbg.eu\/et\/wp-json\/wp\/v2\/product_cat?post=61780"},{"taxonomy":"product_tag","embeddable":true,"href":"https:\/\/staging.nbg.eu\/et\/wp-json\/wp\/v2\/product_tag?post=61780"}],"curies":[{"name":"wp","href":"https:\/\/api.w.org\/{rel}","templated":true}]}}