{"id":61473,"date":"2024-02-14T20:12:21","date_gmt":"2024-09-16T10:54:26","guid":{"rendered":"https:\/\/staging.nbg.eu\/product\/geissele-13-5-super-modular-rail-mk16-m-lok\/"},"modified":"2024-09-16T11:03:00","modified_gmt":"2024-09-16T11:03:00","slug":"geissele-135-super-modular-rail-mk16-m-lok","status":"publish","type":"product","link":"https:\/\/staging.nbg.eu\/et\/toode\/geissele-135-super-modular-rail-mk16-m-lok\/","title":{"rendered":"Geissele 13.5&#8243; Super Modular Rail MK16 M-LOK"},"content":{"rendered":"<h2 style=\"text-align: center\"><b>13,5&#8243; Super Modular Rail MK16 M-LOK\u00ae<\/b><\/h2>\n<p>Geissele Super Modular Rail MK16 kinnitatakse AR-15 \u00fclemisele osale kasutades uuendatud Geissele t\u00fc\u00fcpi rihveldatud mutrit. MK16 on lihtne paigaldada ja hooldada ning pakub head j\u00e4ikust. P\u00f6\u00f6rdumisvastased sakid ja seadekruvid tagavad, et relvaraam ei p\u00f6\u00f6rdu. M<b>1913 picatinny relvaraam \u00fcleval ja M-LOK\u2122<\/b> pesad igal k\u00fcljel v\u00f5imaldavad lisavarustuse kinnitamist. Geissele SMR MK16 on valmistatud <b>7000 seeria alumiiniumist<\/b> ja viimistletud III t\u00fc\u00fcpi anodeeritud kattega.<\/p>\n<p>Super Modular Rail 13,5&#8243; (SMR) MK16 M-LOK\u00ae, NSN# 1005-01-672-4794 (13,5&#8243;), <b>on kasutusel USASOC URG-I programmis (Upper Receiver Group Improved)<\/b>.<\/p>\n<p>&nbsp;<\/p>\n<h2 style=\"text-align: center\"><strong>TEHNILISED ANDMED<\/strong><\/h2>\n<hr \/>\n<table border=\"1\">\n<tbody>\n<tr>\n<td><strong>K\u00d5RGUS: <\/strong><\/td>\n<td> 2,39&#8243;<\/td>\n<\/tr>\n<tr>\n<td><strong>V\u00c4RV: <\/strong><\/td>\n<td> Must, DDC, Hall, ODG<\/td>\n<\/tr>\n<tr>\n<td><strong>MATERJAL: <\/strong><\/td>\n<td> 7000 seeria alumiinium<\/td>\n<\/tr>\n<tr>\n<td><strong>VIIMISTLUS: <\/strong><\/td>\n<td> III t\u00fc\u00fcpi anodeeritud kate<\/td>\n<\/tr>\n<tr>\n<td><strong>SAADAVAL PIKKUSED: <\/strong><\/td>\n<td> 9,3&#8243;, 10,5&#8243;, 13,5&#8243;, 15&#8243;<\/td>\n<\/tr>\n<tr>\n<td><strong>SISEL\u00c4BIM\u00d5\u00d5T: <\/strong><\/td>\n<td> 1,26&#8243;<\/td>\n<\/tr>\n<tr>\n<td><strong>V\u00c4LISL\u00c4BIM\u00d5\u00d5T (DAQ*): <\/strong><\/td>\n<td> 1,59&#8243;<\/td>\n<\/tr>\n<tr>\n<td><strong>SMR MK16 9,3&#8243; KAAL: <\/strong><\/td>\n<td> 10,1 untsi (11,74 untsi koos rihveldatud mutriga)<\/td>\n<\/tr>\n<tr>\n<td><strong>SMR MK16 10,5&#8243; KAAL: <\/strong><\/td>\n<td> 11 untsi (12,6 untsi koos rihveldatud mutriga)<\/td>\n<\/tr>\n<tr>\n<td><strong>SMR MK16 13,5&#8243; KAAL: <\/strong><\/td>\n<td> 13,4 untsi (14,9 untsi koos rihveldatud mutriga)<\/td>\n<\/tr>\n<tr>\n<td><strong>SMR MK16 15&#8243; KAAL: <\/strong><\/td>\n<td> 14,2 untsi (15,8 untsi koos rihveldatud mutriga)<\/td>\n<\/tr>\n<\/tbody>\n<\/table>\n<p><em>*DAQ &#8211; Kaugus \u00fcle nelja k\u00fclje<\/em><\/p>\n","protected":false},"excerpt":{"rendered":"<p><strong>V\u00f5rratu j\u00f5udlus k\u00f5ige n\u00f5udlikumatele laskuritele<\/strong><\/p>\n","protected":false},"featured_media":61474,"template":"","meta":{"_acf_changed":false},"product_brand":[11385],"product_cat":[2211,722,610,611],"product_tag":[],"class_list":{"0":"post-61473","1":"product","2":"type-product","3":"status-publish","4":"has-post-thumbnail","6":"product_brand-geissele","7":"product_cat-carbines-et","8":"product_cat-rails-et","9":"product_cat-rifle-et","10":"product_cat-rifle-parts-et","12":"first","13":"instock","14":"taxable","15":"shipping-taxable","16":"product-type-variable","17":"wvs-archive-product-wrapper"},"acf":[],"_links":{"self":[{"href":"https:\/\/staging.nbg.eu\/et\/wp-json\/wp\/v2\/product\/61473","targetHints":{"allow":["GET"]}}],"collection":[{"href":"https:\/\/staging.nbg.eu\/et\/wp-json\/wp\/v2\/product"}],"about":[{"href":"https:\/\/staging.nbg.eu\/et\/wp-json\/wp\/v2\/types\/product"}],"wp:featuredmedia":[{"embeddable":true,"href":"https:\/\/staging.nbg.eu\/et\/wp-json\/wp\/v2\/media\/61474"}],"wp:attachment":[{"href":"https:\/\/staging.nbg.eu\/et\/wp-json\/wp\/v2\/media?parent=61473"}],"wp:term":[{"taxonomy":"product_brand","embeddable":true,"href":"https:\/\/staging.nbg.eu\/et\/wp-json\/wp\/v2\/product_brand?post=61473"},{"taxonomy":"product_cat","embeddable":true,"href":"https:\/\/staging.nbg.eu\/et\/wp-json\/wp\/v2\/product_cat?post=61473"},{"taxonomy":"product_tag","embeddable":true,"href":"https:\/\/staging.nbg.eu\/et\/wp-json\/wp\/v2\/product_tag?post=61473"}],"curies":[{"name":"wp","href":"https:\/\/api.w.org\/{rel}","templated":true}]}}