{"id":60966,"date":"2024-02-14T20:33:29","date_gmt":"2024-09-16T10:40:07","guid":{"rendered":"https:\/\/staging.nbg.eu\/product\/geissele-16-super-modular-rail-mk18-m-lok\/"},"modified":"2024-09-16T10:41:00","modified_gmt":"2024-09-16T10:41:00","slug":"geissele-16-super-modular-rail-mk18-m-lok","status":"publish","type":"product","link":"https:\/\/staging.nbg.eu\/et\/toode\/geissele-16-super-modular-rail-mk18-m-lok\/","title":{"rendered":"Geissele 16&#8243; Super Modular Rail MK18 M-LOK"},"content":{"rendered":"<h2 style=\"text-align: center\"><b>16&#8243; Super Modulaarne Relss MK18 M-LOK\u00ae<\/b><\/h2>\n<p>MK18 on Geissele Super Modulaarsete relsside seeria uusim mudel, mis on loodud \u00fchilduma Arca-Swiss kiirkinnituss\u00fcsteemiga. See k\u00e4epide p\u00f5hineb MK16 M-LOK Super Modulaarsel relssil. MK18 alumine osa on 35 mm lai 45-kraadise kaldega, v\u00f5imaldades kiirkinnitust Arca-Swiss alusele. MK18 kasutab Geissele 2,25-tollist relvatoru mutrit. 16-tolline MK18 on 3D-t\u00e4ppist\u00f6\u00f6deldud, kasutades 7000-seeria alumiiniumit.<\/p>\n<p>Relss kasutab Magpuli M-LOK tehnoloogiat kolmes peamises kvadrandis (vasak, parem ja alumine) ning \u00fclemistes 45-kraadistes osades. MK18 Super Modulaarne relss on viimistletud vastupidava III t\u00fc\u00fcpi k\u00f5vaanooditud kattega, saadaval mustas v\u00f5i Geissele DDC viimistluses.<\/p>\n<p>Geissele Super Modulaarne Relss MK18 \u00fchildub mil-spec AR15 t\u00fc\u00fcpi relvadega.<\/p>\n<h2 style=\"text-align: center\"><strong>TEHNILISED ANDMED<\/strong><\/h2>\n<hr \/>\n<table border=\"1\">\n<tbody>\n<tr>\n<td><strong>K\u00d5RGUS: <\/strong><\/td>\n<td> 2,08<\/td>\n<\/tr>\n<tr>\n<td><strong>V\u00c4RV: <\/strong><\/td>\n<td> DDC \/ Must<\/td>\n<\/tr>\n<tr>\n<td><strong>MATERJAL: <\/strong><\/td>\n<td> 7000-seeria alumiinium<\/td>\n<\/tr>\n<tr>\n<td><strong>VIIMISTLUS: <\/strong><\/td>\n<td> III t\u00fc\u00fcpi k\u00f5vaanoodimine<\/td>\n<\/tr>\n<tr>\n<td><strong>PIKKUS: <\/strong><\/td>\n<td> 16,5&#8243;<\/td>\n<\/tr>\n<tr>\n<td><strong>SISEL\u00c4BIM\u00d5\u00d5T: <\/strong><\/td>\n<td> 1,26&#8243;<\/td>\n<\/tr>\n<tr>\n<td><strong>V\u00c4LISL\u00c4BIM\u00d5\u00d5T (KVA*): <\/strong><\/td>\n<td> 1,59&#8243;<\/td>\n<\/tr>\n<tr>\n<td><strong>SMR MK18 KAAL: <\/strong><\/td>\n<td> 17 untsi (18,4 untsi koos relvatoru mutriga)<\/td>\n<\/tr>\n<\/tbody>\n<\/table>\n<p>&nbsp;<\/p>\n<p><em>*KVA &#8211; Kaugus \u00dcle Kvadrantide<\/em><\/p>\n","protected":false},"excerpt":{"rendered":"<p><strong>Loodud \u00fchilduma Arca-Swiss kiirkinnituss\u00fcsteemiga<\/strong><\/p>\n","protected":false},"featured_media":60967,"template":"","meta":{"_acf_changed":false},"product_brand":[11385],"product_cat":[2211,722,610,611],"product_tag":[],"class_list":{"0":"post-60966","1":"product","2":"type-product","3":"status-publish","4":"has-post-thumbnail","6":"product_brand-geissele","7":"product_cat-carbines-et","8":"product_cat-rails-et","9":"product_cat-rifle-et","10":"product_cat-rifle-parts-et","12":"first","13":"outofstock","14":"taxable","15":"shipping-taxable","16":"product-type-variable","17":"wvs-archive-product-wrapper"},"acf":[],"_links":{"self":[{"href":"https:\/\/staging.nbg.eu\/et\/wp-json\/wp\/v2\/product\/60966","targetHints":{"allow":["GET"]}}],"collection":[{"href":"https:\/\/staging.nbg.eu\/et\/wp-json\/wp\/v2\/product"}],"about":[{"href":"https:\/\/staging.nbg.eu\/et\/wp-json\/wp\/v2\/types\/product"}],"wp:featuredmedia":[{"embeddable":true,"href":"https:\/\/staging.nbg.eu\/et\/wp-json\/wp\/v2\/media\/60967"}],"wp:attachment":[{"href":"https:\/\/staging.nbg.eu\/et\/wp-json\/wp\/v2\/media?parent=60966"}],"wp:term":[{"taxonomy":"product_brand","embeddable":true,"href":"https:\/\/staging.nbg.eu\/et\/wp-json\/wp\/v2\/product_brand?post=60966"},{"taxonomy":"product_cat","embeddable":true,"href":"https:\/\/staging.nbg.eu\/et\/wp-json\/wp\/v2\/product_cat?post=60966"},{"taxonomy":"product_tag","embeddable":true,"href":"https:\/\/staging.nbg.eu\/et\/wp-json\/wp\/v2\/product_tag?post=60966"}],"curies":[{"name":"wp","href":"https:\/\/api.w.org\/{rel}","templated":true}]}}