{"id":60806,"date":"2024-02-14T20:38:31","date_gmt":"2024-09-16T10:32:02","guid":{"rendered":"https:\/\/staging.nbg.eu\/product\/alg-defense-emr-v3x-15-handguard-black\/"},"modified":"2024-09-16T10:32:45","modified_gmt":"2024-09-16T10:32:45","slug":"alg-defense-emr-v3x-15-kaekaitse-must","status":"publish","type":"product","link":"https:\/\/staging.nbg.eu\/et\/toode\/alg-defense-emr-v3x-15-kaekaitse-must\/","title":{"rendered":"ALG Defense EMR V3X 15&#8243; kaekaitse &#8211; Must"},"content":{"rendered":"<p>ALG Defense EMR V3X 15&#8243; k\u00e4epide mustas v\u00e4rvis pakub M-LOK kinnituss\u00fcsteemi. Lisaseadmeid saab kinnitada kella 2, 4, 6, 8 ja 10 positsioonidele. Omab t\u00e4ispikkuses M1913 picatinny siini kella 12 positsioonil sihikute, laserite, valgustite ja muude optikaseadmete kinnitamiseks. Sobib relva kohandamiseks vastavalt kasutaja vajadustele.<\/p>\n","protected":false},"excerpt":{"rendered":"<p>Mitmek\u00fclgne 15-tolline M-LOK k\u00e4epide t\u00e4ispikkuses Picatinny siiniga.<\/p>\n","protected":false},"featured_media":60807,"template":"","meta":{"_acf_changed":false},"product_brand":[11385],"product_cat":[722,610,611],"product_tag":[],"class_list":{"0":"post-60806","1":"product","2":"type-product","3":"status-publish","4":"has-post-thumbnail","6":"product_brand-geissele","7":"product_cat-rails-et","8":"product_cat-rifle-et","9":"product_cat-rifle-parts-et","11":"first","12":"instock","13":"taxable","14":"shipping-taxable","15":"product-type-simple"},"acf":[],"_links":{"self":[{"href":"https:\/\/staging.nbg.eu\/et\/wp-json\/wp\/v2\/product\/60806","targetHints":{"allow":["GET"]}}],"collection":[{"href":"https:\/\/staging.nbg.eu\/et\/wp-json\/wp\/v2\/product"}],"about":[{"href":"https:\/\/staging.nbg.eu\/et\/wp-json\/wp\/v2\/types\/product"}],"wp:featuredmedia":[{"embeddable":true,"href":"https:\/\/staging.nbg.eu\/et\/wp-json\/wp\/v2\/media\/60807"}],"wp:attachment":[{"href":"https:\/\/staging.nbg.eu\/et\/wp-json\/wp\/v2\/media?parent=60806"}],"wp:term":[{"taxonomy":"product_brand","embeddable":true,"href":"https:\/\/staging.nbg.eu\/et\/wp-json\/wp\/v2\/product_brand?post=60806"},{"taxonomy":"product_cat","embeddable":true,"href":"https:\/\/staging.nbg.eu\/et\/wp-json\/wp\/v2\/product_cat?post=60806"},{"taxonomy":"product_tag","embeddable":true,"href":"https:\/\/staging.nbg.eu\/et\/wp-json\/wp\/v2\/product_tag?post=60806"}],"curies":[{"name":"wp","href":"https:\/\/api.w.org\/{rel}","templated":true}]}}