{"id":60401,"date":"2024-02-15T07:17:14","date_gmt":"2024-02-15T07:17:14","guid":{"rendered":"https:\/\/staging.nbg.eu\/product\/geissele-super-42-rifle-length-spring\/"},"modified":"2024-09-13T16:16:22","modified_gmt":"2024-09-13T16:16:22","slug":"geissele-super-42-vintpussi-pikkusega-vedru","status":"publish","type":"product","link":"https:\/\/staging.nbg.eu\/et\/toode\/geissele-super-42-vintpussi-pikkusega-vedru\/","title":{"rendered":"Geissele Super 42 vintpussi pikkusega vedru"},"content":{"rendered":"<p>\nGeissele Super 42 p\u00fcssipikkusega vedru M-16\/AR-15 jaoks. Kolme traadiga disain toimib harmoonilise summutina, mis neelab energiat ja v\u00e4hendab vedru purunemist. Parandab relva t\u00f6\u00f6kindlust, v\u00e4hendab vibreerivat heli ja sobib standardsete p\u00fcssipikkusega puhvrite ja torude jaoks.<\/p>\n","protected":false},"excerpt":{"rendered":"<p>T\u00e4iustage AR-15 j\u00f5udlust Geissele innovaatilise kolmekiulise vedruga.<\/p>\n","protected":false},"featured_media":60402,"template":"","meta":{"_acf_changed":false},"product_brand":[11385],"product_cat":[610,611,2082],"product_tag":[],"class_list":{"0":"post-60401","1":"product","2":"type-product","3":"status-publish","4":"has-post-thumbnail","6":"product_brand-geissele","7":"product_cat-rifle-et","8":"product_cat-rifle-parts-et","9":"product_cat-springs-et","11":"first","12":"instock","13":"taxable","14":"shipping-taxable","15":"product-type-simple"},"acf":[],"_links":{"self":[{"href":"https:\/\/staging.nbg.eu\/et\/wp-json\/wp\/v2\/product\/60401","targetHints":{"allow":["GET"]}}],"collection":[{"href":"https:\/\/staging.nbg.eu\/et\/wp-json\/wp\/v2\/product"}],"about":[{"href":"https:\/\/staging.nbg.eu\/et\/wp-json\/wp\/v2\/types\/product"}],"wp:featuredmedia":[{"embeddable":true,"href":"https:\/\/staging.nbg.eu\/et\/wp-json\/wp\/v2\/media\/60402"}],"wp:attachment":[{"href":"https:\/\/staging.nbg.eu\/et\/wp-json\/wp\/v2\/media?parent=60401"}],"wp:term":[{"taxonomy":"product_brand","embeddable":true,"href":"https:\/\/staging.nbg.eu\/et\/wp-json\/wp\/v2\/product_brand?post=60401"},{"taxonomy":"product_cat","embeddable":true,"href":"https:\/\/staging.nbg.eu\/et\/wp-json\/wp\/v2\/product_cat?post=60401"},{"taxonomy":"product_tag","embeddable":true,"href":"https:\/\/staging.nbg.eu\/et\/wp-json\/wp\/v2\/product_tag?post=60401"}],"curies":[{"name":"wp","href":"https:\/\/api.w.org\/{rel}","templated":true}]}}