{"id":60205,"date":"2024-02-15T07:27:09","date_gmt":"2024-09-13T16:10:46","guid":{"rendered":"https:\/\/staging.nbg.eu\/product\/geissele-super-charging-handle-sch-5-56\/"},"modified":"2024-09-13T16:11:36","modified_gmt":"2024-09-13T16:11:36","slug":"geissele-super-laadimispaeaestik-sch-556","status":"publish","type":"product","link":"https:\/\/staging.nbg.eu\/et\/toode\/geissele-super-laadimispaeaestik-sch-556\/","title":{"rendered":"Geissele Super laadimisp\u00e4\u00e4stik (SCH\u00ae) 5.56"},"content":{"rendered":"<div class=\"product-description\">\n<h2>Geissele Super Laadimisk\u00e4epide (SCH\u00ae) 5.56<\/h2>\n<p>7075-T6 alumiiniumist t\u00e4ppist\u00f6\u00f6deldud kahepoolne laadimisk\u00e4epide sisaldab:<\/p>\n<ul>\n<li>Kahe kontuuriga hoobad, millel on ruuduline haardepind<\/li>\n<li>T\u00f5hustatud gaasi v\u00e4hendamine summutatud s\u00fcsteemidele<\/li>\n<li>T\u00fc\u00fcp 3 k\u00f5vaanooditud viimistlus<\/li>\n<li>Saadaval mustas ja DDC v\u00e4rvis<\/li>\n<\/ul>\n<p>Parandab AR-15 ergonoomiat ja vastupidavust.<\/p>\n<\/div>\n","protected":false},"excerpt":{"rendered":"<p>M\u00f5lemak\u00e4eline 7075-T6 alumiiniumist vinnastushoob. Gaasi leevendav disain.<\/p>\n","protected":false},"featured_media":60206,"template":"","meta":{"_acf_changed":false},"product_brand":[11385],"product_cat":[2061,610,611],"product_tag":[],"class_list":{"0":"post-60205","1":"product","2":"type-product","3":"status-publish","4":"has-post-thumbnail","6":"product_brand-geissele","7":"product_cat-charging-handles-et","8":"product_cat-rifle-et","9":"product_cat-rifle-parts-et","11":"first","12":"instock","13":"taxable","14":"shipping-taxable","15":"product-type-variable","16":"wvs-archive-product-wrapper"},"acf":[],"_links":{"self":[{"href":"https:\/\/staging.nbg.eu\/et\/wp-json\/wp\/v2\/product\/60205","targetHints":{"allow":["GET"]}}],"collection":[{"href":"https:\/\/staging.nbg.eu\/et\/wp-json\/wp\/v2\/product"}],"about":[{"href":"https:\/\/staging.nbg.eu\/et\/wp-json\/wp\/v2\/types\/product"}],"wp:featuredmedia":[{"embeddable":true,"href":"https:\/\/staging.nbg.eu\/et\/wp-json\/wp\/v2\/media\/60206"}],"wp:attachment":[{"href":"https:\/\/staging.nbg.eu\/et\/wp-json\/wp\/v2\/media?parent=60205"}],"wp:term":[{"taxonomy":"product_brand","embeddable":true,"href":"https:\/\/staging.nbg.eu\/et\/wp-json\/wp\/v2\/product_brand?post=60205"},{"taxonomy":"product_cat","embeddable":true,"href":"https:\/\/staging.nbg.eu\/et\/wp-json\/wp\/v2\/product_cat?post=60205"},{"taxonomy":"product_tag","embeddable":true,"href":"https:\/\/staging.nbg.eu\/et\/wp-json\/wp\/v2\/product_tag?post=60205"}],"curies":[{"name":"wp","href":"https:\/\/api.w.org\/{rel}","templated":true}]}}