{"id":59979,"date":"2024-02-15T07:54:43","date_gmt":"2024-09-13T16:09:08","guid":{"rendered":"https:\/\/staging.nbg.eu\/product\/geissele-super-charging-handle-sch-7-62\/"},"modified":"2024-09-13T16:09:56","modified_gmt":"2024-09-13T16:09:56","slug":"geissele-super-laadimispaeaestik-sch-762","status":"publish","type":"product","link":"https:\/\/staging.nbg.eu\/et\/toode\/geissele-super-laadimispaeaestik-sch-762\/","title":{"rendered":"Geissele Super laadimisp\u00e4\u00e4stik (SCH\u00ae) 7.62"},"content":{"rendered":"<div class=\"product-description\">\n<h2>Geissele Super Laadimisk\u00e4epide (SCH\u00ae) 7.62<\/h2>\n<p>SCH\u00ae 7.62 on m\u00f5lemak\u00e4eline laadimisk\u00e4epide, mis on valmistatud 7075-T6 alumiiniumist. Sellel on kaks kontuuritud hooba tekstuuritud pindadega. K\u00f5rgendatud tagumine serv v\u00e4hendab gaasi tagasil\u00f6\u00f6ki. Saadaval mustas ja DDC (Desert Dirt Color) v\u00e4rvis.<\/p>\n<p>Sobib enamiku SR25, DPMS\/LR308 ja AR10 t\u00fc\u00fcpi relvadega. Kontrollige sobivust oma relva tootjaga enne paigaldamist.<\/p>\n<p><strong>Ei sobi:<\/strong> HK 762, Colt 901, DPMS GII, Adams Arms .308 Patrol Rifle, Daniel Defense DD5, Sig 716, BPM Long Range Marksman .308, Smith &amp; Wesson MP-10, Bushmaster BAR-10, Rock River Arms LAR-8.<\/p>\n<\/div>\n","protected":false},"excerpt":{"rendered":"<p>Kahek\u00e4eline 7075-T6 alumiiniumist laadimisnupp 7,62 mm p\u00fcssidele.<\/p>\n","protected":false},"featured_media":59980,"template":"","meta":{"_acf_changed":false},"product_brand":[11385],"product_cat":[2061,610,611],"product_tag":[],"class_list":{"0":"post-59979","1":"product","2":"type-product","3":"status-publish","4":"has-post-thumbnail","6":"product_brand-geissele","7":"product_cat-charging-handles-et","8":"product_cat-rifle-et","9":"product_cat-rifle-parts-et","11":"first","12":"instock","13":"taxable","14":"shipping-taxable","15":"product-type-variable","16":"wvs-archive-product-wrapper"},"acf":[],"_links":{"self":[{"href":"https:\/\/staging.nbg.eu\/et\/wp-json\/wp\/v2\/product\/59979","targetHints":{"allow":["GET"]}}],"collection":[{"href":"https:\/\/staging.nbg.eu\/et\/wp-json\/wp\/v2\/product"}],"about":[{"href":"https:\/\/staging.nbg.eu\/et\/wp-json\/wp\/v2\/types\/product"}],"wp:featuredmedia":[{"embeddable":true,"href":"https:\/\/staging.nbg.eu\/et\/wp-json\/wp\/v2\/media\/59980"}],"wp:attachment":[{"href":"https:\/\/staging.nbg.eu\/et\/wp-json\/wp\/v2\/media?parent=59979"}],"wp:term":[{"taxonomy":"product_brand","embeddable":true,"href":"https:\/\/staging.nbg.eu\/et\/wp-json\/wp\/v2\/product_brand?post=59979"},{"taxonomy":"product_cat","embeddable":true,"href":"https:\/\/staging.nbg.eu\/et\/wp-json\/wp\/v2\/product_cat?post=59979"},{"taxonomy":"product_tag","embeddable":true,"href":"https:\/\/staging.nbg.eu\/et\/wp-json\/wp\/v2\/product_tag?post=59979"}],"curies":[{"name":"wp","href":"https:\/\/api.w.org\/{rel}","templated":true}]}}