{"id":59685,"date":"2024-02-15T10:48:43","date_gmt":"2024-09-13T16:01:50","guid":{"rendered":"https:\/\/staging.nbg.eu\/product\/geissele-maritime-bolt-catch\/"},"modified":"2024-09-13T16:02:34","modified_gmt":"2024-09-13T16:02:34","slug":"geissele-merenduslik-lukustuspidur","status":"publish","type":"product","link":"https:\/\/staging.nbg.eu\/et\/toode\/geissele-merenduslik-lukustuspidur\/","title":{"rendered":"Geissele merenduslik lukustuspidur"},"content":{"rendered":"<p>\nGeissele Maritime poldip\u00fc\u00fcdja parandab AR-15 funktsionaalsust:<\/p>\n<ul>\n<li>\u00dchildub mil-spec M16\/M4 alumiste vastuv\u00f5tjatega<\/li>\n<li>Suurem pind lihtsamaks kasutamiseks<\/li>\n<li>Pikendatud juhtnupud vasakuk\u00e4elistele laskuritele<\/li>\n<li>Kare pind parema haarde jaoks<\/li>\n<li>Sobib kasutamiseks kinnastega v\u00f5i v\u00e4hese valgusega tingimustes<\/li>\n<\/ul>\n<p>See poldip\u00fc\u00fcdja on m\u00f5eldud AR-15 relva t\u00e4iustamiseks.<\/p>\n","protected":false},"excerpt":{"rendered":"<p>T\u00e4iustatud lukustusriiv suurema pinnaga, mis tagab lihtsama kasutamise.<\/p>\n","protected":false},"featured_media":59686,"template":"","meta":{"_acf_changed":false},"product_brand":[11385],"product_cat":[610,611],"product_tag":[],"class_list":{"0":"post-59685","1":"product","2":"type-product","3":"status-publish","4":"has-post-thumbnail","6":"product_brand-geissele","7":"product_cat-rifle-et","8":"product_cat-rifle-parts-et","10":"first","11":"instock","12":"taxable","13":"shipping-taxable","14":"product-type-simple"},"acf":[],"_links":{"self":[{"href":"https:\/\/staging.nbg.eu\/et\/wp-json\/wp\/v2\/product\/59685","targetHints":{"allow":["GET"]}}],"collection":[{"href":"https:\/\/staging.nbg.eu\/et\/wp-json\/wp\/v2\/product"}],"about":[{"href":"https:\/\/staging.nbg.eu\/et\/wp-json\/wp\/v2\/types\/product"}],"wp:featuredmedia":[{"embeddable":true,"href":"https:\/\/staging.nbg.eu\/et\/wp-json\/wp\/v2\/media\/59686"}],"wp:attachment":[{"href":"https:\/\/staging.nbg.eu\/et\/wp-json\/wp\/v2\/media?parent=59685"}],"wp:term":[{"taxonomy":"product_brand","embeddable":true,"href":"https:\/\/staging.nbg.eu\/et\/wp-json\/wp\/v2\/product_brand?post=59685"},{"taxonomy":"product_cat","embeddable":true,"href":"https:\/\/staging.nbg.eu\/et\/wp-json\/wp\/v2\/product_cat?post=59685"},{"taxonomy":"product_tag","embeddable":true,"href":"https:\/\/staging.nbg.eu\/et\/wp-json\/wp\/v2\/product_tag?post=59685"}],"curies":[{"name":"wp","href":"https:\/\/api.w.org\/{rel}","templated":true}]}}