{"id":59484,"date":"2024-02-15T11:08:39","date_gmt":"2024-09-13T15:58:04","guid":{"rendered":"https:\/\/staging.nbg.eu\/product\/geissele-picatinny-rail-for-m-lok-7-slots\/"},"modified":"2024-09-13T15:58:55","modified_gmt":"2024-09-13T15:58:55","slug":"geissele-picatinny-roeoebas-m-lok-jaoks-7-pesa","status":"publish","type":"product","link":"https:\/\/staging.nbg.eu\/et\/toode\/geissele-picatinny-roeoebas-m-lok-jaoks-7-pesa\/","title":{"rendered":"Geissele Picatinny r\u00f6\u00f6bas M-LOK jaoks, 7 pesa"},"content":{"rendered":"<div class=\"product-description\">\n<h2>Geissele Picatinny siinid M-LOK-ile, 7 pesa<\/h2>\n<p>Geissele Picatinny lisatarvikute siin AR-15-le. See 7-pesaga siin on valmistatud 7075-T6 alumiiniumist ja anodeeritud pinnakattega. Sobib erinevate lisatarvikute kinnitamiseks. Valmistatud t\u00e4psete spetsifikatsioonide j\u00e4rgi, tagades kindla sobivuse ja stabiilse platvormi M-LOK k\u00e4epidemele.<\/p>\n<\/div>\n","protected":false},"excerpt":{"rendered":"<p>T\u00e4pne 7-pesa Picatinny r\u00f6\u00f6bas M-LOK-ile. Turvaline AR-15 lisavarustuse kinnitus.<\/p>\n","protected":false},"featured_media":59485,"template":"","meta":{"_acf_changed":false},"product_brand":[11385],"product_cat":[722,610],"product_tag":[],"class_list":{"0":"post-59484","1":"product","2":"type-product","3":"status-publish","4":"has-post-thumbnail","6":"product_brand-geissele","7":"product_cat-rails-et","8":"product_cat-rifle-et","10":"first","11":"instock","12":"taxable","13":"shipping-taxable","14":"product-type-variable","15":"wvs-archive-product-wrapper"},"acf":[],"_links":{"self":[{"href":"https:\/\/staging.nbg.eu\/et\/wp-json\/wp\/v2\/product\/59484","targetHints":{"allow":["GET"]}}],"collection":[{"href":"https:\/\/staging.nbg.eu\/et\/wp-json\/wp\/v2\/product"}],"about":[{"href":"https:\/\/staging.nbg.eu\/et\/wp-json\/wp\/v2\/types\/product"}],"wp:featuredmedia":[{"embeddable":true,"href":"https:\/\/staging.nbg.eu\/et\/wp-json\/wp\/v2\/media\/59485"}],"wp:attachment":[{"href":"https:\/\/staging.nbg.eu\/et\/wp-json\/wp\/v2\/media?parent=59484"}],"wp:term":[{"taxonomy":"product_brand","embeddable":true,"href":"https:\/\/staging.nbg.eu\/et\/wp-json\/wp\/v2\/product_brand?post=59484"},{"taxonomy":"product_cat","embeddable":true,"href":"https:\/\/staging.nbg.eu\/et\/wp-json\/wp\/v2\/product_cat?post=59484"},{"taxonomy":"product_tag","embeddable":true,"href":"https:\/\/staging.nbg.eu\/et\/wp-json\/wp\/v2\/product_tag?post=59484"}],"curies":[{"name":"wp","href":"https:\/\/api.w.org\/{rel}","templated":true}]}}