{"id":59005,"date":"2024-02-15T11:15:35","date_gmt":"2024-09-13T15:20:10","guid":{"rendered":"https:\/\/staging.nbg.eu\/product\/geissele-rail-panels-black-ddc\/"},"modified":"2024-09-13T15:21:02","modified_gmt":"2024-09-13T15:21:02","slug":"geissele-roeoebapaneelid-mustddc","status":"publish","type":"product","link":"https:\/\/staging.nbg.eu\/et\/toode\/geissele-roeoebapaneelid-mustddc\/","title":{"rendered":"Geissele r\u00f6\u00f6bapaneelid (Must\/DDC)"},"content":{"rendered":"<div class=\"product-description\">\n<h2>Geissele M-Lok R\u00f6\u00f6pa Paneelid (Must\/DDC)<\/h2>\n<p>URGI r\u00f6\u00f6pa jaoks m\u00f5eldud Geissele M-Lok r\u00f6\u00f6pa paneelid. Omadused:<\/p>\n<ul>\n<li>Tekstuuriga pind haarde parandamiseks<\/li>\n<li>Valmistatud pol\u00fcmeerist<\/li>\n<li>Vastupidav intensiivsel kasutamisel<\/li>\n<li>Kaitseb kuumuse eest<\/li>\n<li>Saadaval mustas ja DDC v\u00e4rvis<\/li>\n<\/ul>\n<p>R\u00f6\u00f6pa paneelid karabiini k\u00e4sitsemise parandamiseks ja k\u00e4te kaitsmiseks.<\/p>\n<\/div>\n","protected":false},"excerpt":{"rendered":"<p>Vastupidavad, tekstuuriga M-LOK r\u00f6\u00f6papaneelid parema haarduvuse ja kuumakaitse tagamiseks.<\/p>\n","protected":false},"featured_media":59006,"template":"","meta":{"_acf_changed":false},"product_brand":[11385],"product_cat":[722,610],"product_tag":[],"class_list":{"0":"post-59005","1":"product","2":"type-product","3":"status-publish","4":"has-post-thumbnail","6":"product_brand-geissele","7":"product_cat-rails-et","8":"product_cat-rifle-et","10":"first","11":"instock","12":"taxable","13":"shipping-taxable","14":"product-type-variable","15":"wvs-archive-product-wrapper"},"acf":[],"_links":{"self":[{"href":"https:\/\/staging.nbg.eu\/et\/wp-json\/wp\/v2\/product\/59005","targetHints":{"allow":["GET"]}}],"collection":[{"href":"https:\/\/staging.nbg.eu\/et\/wp-json\/wp\/v2\/product"}],"about":[{"href":"https:\/\/staging.nbg.eu\/et\/wp-json\/wp\/v2\/types\/product"}],"wp:featuredmedia":[{"embeddable":true,"href":"https:\/\/staging.nbg.eu\/et\/wp-json\/wp\/v2\/media\/59006"}],"wp:attachment":[{"href":"https:\/\/staging.nbg.eu\/et\/wp-json\/wp\/v2\/media?parent=59005"}],"wp:term":[{"taxonomy":"product_brand","embeddable":true,"href":"https:\/\/staging.nbg.eu\/et\/wp-json\/wp\/v2\/product_brand?post=59005"},{"taxonomy":"product_cat","embeddable":true,"href":"https:\/\/staging.nbg.eu\/et\/wp-json\/wp\/v2\/product_cat?post=59005"},{"taxonomy":"product_tag","embeddable":true,"href":"https:\/\/staging.nbg.eu\/et\/wp-json\/wp\/v2\/product_tag?post=59005"}],"curies":[{"name":"wp","href":"https:\/\/api.w.org\/{rel}","templated":true}]}}