{"id":58829,"date":"2024-02-15T19:41:39","date_gmt":"2024-09-13T15:17:21","guid":{"rendered":"https:\/\/staging.nbg.eu\/product\/geissele-super-gas-block-black\/"},"modified":"2024-09-13T15:18:04","modified_gmt":"2024-09-13T15:18:04","slug":"geissele-super-gaasiplokk-must","status":"publish","type":"product","link":"https:\/\/staging.nbg.eu\/et\/toode\/geissele-super-gaasiplokk-must\/","title":{"rendered":"Geissele Super gaasiplokk &#8211; Must"},"content":{"rendered":"<div class=\"product-description\">\n<h2>Geissele Super gaasiplokk &#8211; Must<\/h2>\n<p>Geissele Super gaasiplokk on madala profiiliga komponent, mis on m\u00f5eldud sobima enamiku vabalt h\u00f5ljuvate k\u00e4epidemete alla. See on valmistatud 17-4 sadestusk\u00f5vendatud roostevabast terasest, mis pakub head korrosioonikindlust ja vastupidavust.<\/p>\n<ul>\n<li>Peab vastu tuhandetele laskudele<\/li>\n<li>Sisaldab standardset seadekruvi ja &#8220;Kindla paigalduse&#8221; meetodeid<\/li>\n<li>Spiraalvedruga tihvt lukustab gaasiploki paigale stabiilsuse tagamiseks<\/li>\n<li>Roostevabast terasest tihvt tagab t\u00e4pse joonduse Geissele CHF rauaga<\/li>\n<\/ul>\n<p>Geissele Super gaasiplokk on projekteeritud t\u00f6\u00f6tama usaldusv\u00e4\u00e4rselt erinevates tingimustes.<\/p>\n<\/div>\n","protected":false},"excerpt":{"rendered":"<p>Madala profiiliga, vastupidav roostevabast terasest gaasiblokk AR-15 vintp\u00fcssidele.<\/p>\n","protected":false},"featured_media":58830,"template":"","meta":{"_acf_changed":false},"product_brand":[11385],"product_cat":[610,611],"product_tag":[],"class_list":{"0":"post-58829","1":"product","2":"type-product","3":"status-publish","4":"has-post-thumbnail","6":"product_brand-geissele","7":"product_cat-rifle-et","8":"product_cat-rifle-parts-et","10":"first","11":"instock","12":"taxable","13":"shipping-taxable","14":"product-type-simple"},"acf":[],"_links":{"self":[{"href":"https:\/\/staging.nbg.eu\/et\/wp-json\/wp\/v2\/product\/58829","targetHints":{"allow":["GET"]}}],"collection":[{"href":"https:\/\/staging.nbg.eu\/et\/wp-json\/wp\/v2\/product"}],"about":[{"href":"https:\/\/staging.nbg.eu\/et\/wp-json\/wp\/v2\/types\/product"}],"wp:featuredmedia":[{"embeddable":true,"href":"https:\/\/staging.nbg.eu\/et\/wp-json\/wp\/v2\/media\/58830"}],"wp:attachment":[{"href":"https:\/\/staging.nbg.eu\/et\/wp-json\/wp\/v2\/media?parent=58829"}],"wp:term":[{"taxonomy":"product_brand","embeddable":true,"href":"https:\/\/staging.nbg.eu\/et\/wp-json\/wp\/v2\/product_brand?post=58829"},{"taxonomy":"product_cat","embeddable":true,"href":"https:\/\/staging.nbg.eu\/et\/wp-json\/wp\/v2\/product_cat?post=58829"},{"taxonomy":"product_tag","embeddable":true,"href":"https:\/\/staging.nbg.eu\/et\/wp-json\/wp\/v2\/product_tag?post=58829"}],"curies":[{"name":"wp","href":"https:\/\/api.w.org\/{rel}","templated":true}]}}