{"id":584439,"date":"2025-09-05T18:16:13","date_gmt":"2025-09-05T15:16:13","guid":{"rendered":"https:\/\/staging.nbg.eu\/product\/mak-viper-fts-left\/"},"modified":"2025-10-16T16:00:55","modified_gmt":"2025-10-16T13:00:55","slug":"mak-viper-fts-vasak","status":"publish","type":"product","link":"https:\/\/staging.nbg.eu\/et\/toode\/mak-viper-fts-vasak\/","title":{"rendered":"MAK Viper FTS vasak"},"content":{"rendered":"<div class=\"product-description\">\n<h2>MAK Viper FTS vasak<\/h2>\n<p>MAK Viper FTS vasak on p\u00fcssiskoopi kinnitus, mis on m\u00f5eldud vasakuk\u00e4elistele laskuritele. See kinnitus sisaldab:<\/p>\n<ul>\n<li>Alumiiniumist konstruktsioon<\/li>\n<li>Fikseeritud p\u00f6\u00f6rdemomendi s\u00fcsteem (FTS) \u00fchtlaseks kinnitamiseks<\/li>\n<li>Kiirvabastusmehhanismiga hoob skoobi eemaldamiseks ja uuesti kinnitamiseks<\/li>\n<li>Vasakuk\u00e4eline konfiguratsioon<\/li>\n<li>\u00dchildub Picatinny ja Weaver r\u00f6\u00f6bastega<\/li>\n<li>Saadaval erinevates r\u00f5ngasuurustes erinevatele skoobi diameetritele<\/li>\n<\/ul>\n<p>MAK Viper FTS vasak tagab stabiilsuse ja s\u00e4ilitab nullimise. See skoobi kinnitus on m\u00f5eldud vasakuk\u00e4elistele laskuritele.<\/p>\n<\/div>\n","protected":false},"excerpt":{"rendered":"<p>MAK Viper FTS Left: T\u00e4pne taktikaline sihik vasakuk\u00e4elistele laskuritele.<\/p>\n","protected":false},"featured_media":0,"template":"","meta":{"_acf_changed":false},"product_brand":[],"product_cat":[489],"product_tag":[],"class_list":{"0":"post-584439","1":"product","2":"type-product","3":"status-publish","5":"product_cat-uncategorized-et","7":"first","8":"instock","9":"taxable","10":"shipping-taxable","11":"purchasable","12":"product-type-simple"},"acf":[],"_links":{"self":[{"href":"https:\/\/staging.nbg.eu\/et\/wp-json\/wp\/v2\/product\/584439","targetHints":{"allow":["GET"]}}],"collection":[{"href":"https:\/\/staging.nbg.eu\/et\/wp-json\/wp\/v2\/product"}],"about":[{"href":"https:\/\/staging.nbg.eu\/et\/wp-json\/wp\/v2\/types\/product"}],"wp:attachment":[{"href":"https:\/\/staging.nbg.eu\/et\/wp-json\/wp\/v2\/media?parent=584439"}],"wp:term":[{"taxonomy":"product_brand","embeddable":true,"href":"https:\/\/staging.nbg.eu\/et\/wp-json\/wp\/v2\/product_brand?post=584439"},{"taxonomy":"product_cat","embeddable":true,"href":"https:\/\/staging.nbg.eu\/et\/wp-json\/wp\/v2\/product_cat?post=584439"},{"taxonomy":"product_tag","embeddable":true,"href":"https:\/\/staging.nbg.eu\/et\/wp-json\/wp\/v2\/product_tag?post=584439"}],"curies":[{"name":"wp","href":"https:\/\/api.w.org\/{rel}","templated":true}]}}