{"id":583720,"date":"2025-10-10T23:40:13","date_gmt":"2025-10-10T20:40:13","guid":{"rendered":"https:\/\/staging.nbg.eu\/product\/dillon-4-pack-primer-pickup-tubes-small-primer\/"},"modified":"2025-10-16T15:28:43","modified_gmt":"2025-10-16T12:28:43","slug":"dillon-4-pakk-sueueteladu-votutorude-vaeike-sueueteladu","status":"publish","type":"product","link":"https:\/\/staging.nbg.eu\/et\/toode\/dillon-4-pakk-sueueteladu-votutorude-vaeike-sueueteladu\/","title":{"rendered":"Dillon 4-pakk s\u00fc\u00fcteladu v\u00f5tutorude &#8211; v\u00e4ike s\u00fc\u00fcteladu"},"content":{"rendered":"<div class=\"product-description\">\n<h2>Dillon 4 v\u00e4ikese s\u00fctiku korjamistoru komplekt<\/h2>\n<p>Dillon 4 v\u00e4ikese s\u00fctiku korjamistoru komplekt on m\u00f5eldud laskemoona \u00fcmberlaadimise protsessi kiirendamiseks.<\/p>\n<ul>\n<li>4 korjamistoru v\u00e4ikese l\u00e4bim\u00f5\u00f5duga s\u00fctikutele<\/li>\n<li>Torusid saab eelnevalt t\u00e4ita kiireks \u00fcmberlaadimiseks<\/li>\n<li>\u00dchildub Dilloni \u00fcmberlaadimispressidega<\/li>\n<li>Suurendab tootlikkust ja s\u00e4\u00e4stab aega<\/li>\n<\/ul>\n<p>Hoidke need torud t\u00e4idetuna pidevaks \u00fcmberlaadimiseks. Sobib v\u00f5istluslaskuritele ja suure mahuga \u00fcmberlaadijatele.<\/p>\n<\/div>\n","protected":false},"excerpt":{"rendered":"<p>4 v\u00e4ikest s\u00fc\u00fctelaengu kogumistoru kiireks ja t\u00f5husaks \u00fcmberlaadimiseks.<\/p>\n","protected":false},"featured_media":583751,"template":"","meta":{"_acf_changed":false},"product_brand":[],"product_cat":[1060,1224],"product_tag":[],"class_list":{"0":"post-583720","1":"product","2":"type-product","3":"status-publish","4":"has-post-thumbnail","6":"product_cat-reloading-et","7":"product_cat-reloading-accessories-et","9":"first","10":"instock","11":"taxable","12":"shipping-taxable","13":"purchasable","14":"product-type-simple"},"acf":[],"_links":{"self":[{"href":"https:\/\/staging.nbg.eu\/et\/wp-json\/wp\/v2\/product\/583720","targetHints":{"allow":["GET"]}}],"collection":[{"href":"https:\/\/staging.nbg.eu\/et\/wp-json\/wp\/v2\/product"}],"about":[{"href":"https:\/\/staging.nbg.eu\/et\/wp-json\/wp\/v2\/types\/product"}],"wp:featuredmedia":[{"embeddable":true,"href":"https:\/\/staging.nbg.eu\/et\/wp-json\/wp\/v2\/media\/583751"}],"wp:attachment":[{"href":"https:\/\/staging.nbg.eu\/et\/wp-json\/wp\/v2\/media?parent=583720"}],"wp:term":[{"taxonomy":"product_brand","embeddable":true,"href":"https:\/\/staging.nbg.eu\/et\/wp-json\/wp\/v2\/product_brand?post=583720"},{"taxonomy":"product_cat","embeddable":true,"href":"https:\/\/staging.nbg.eu\/et\/wp-json\/wp\/v2\/product_cat?post=583720"},{"taxonomy":"product_tag","embeddable":true,"href":"https:\/\/staging.nbg.eu\/et\/wp-json\/wp\/v2\/product_tag?post=583720"}],"curies":[{"name":"wp","href":"https:\/\/api.w.org\/{rel}","templated":true}]}}