{"id":582278,"date":"2025-10-10T18:10:10","date_gmt":"2025-10-10T15:10:10","guid":{"rendered":"https:\/\/staging.nbg.eu\/product\/daa-magnet-inc-screw-and-thermal-nut-for-racer-pouch\/"},"modified":"2025-10-16T13:40:09","modified_gmt":"2025-10-16T10:40:09","slug":"daa-magnet-koos-kruvi-ja-soojuspidava-muttriga-voidusoidutaskule","status":"publish","type":"product","link":"https:\/\/staging.nbg.eu\/et\/toode\/daa-magnet-koos-kruvi-ja-soojuspidava-muttriga-voidusoidutaskule\/","title":{"rendered":"DAA magnet koos kruvi ja soojuspidava muttriga v\u00f5idus\u00f5idutaskule"},"content":{"rendered":"<div class=\"product-description\">\n<h2>DAA magnetikomplekt \u00fche salve Racer salvetaskutele<\/h2>\n<p>DAA \u00fche salve Racer salvetasku magnetkinnituse komplekt sisaldab:<\/p>\n<ul>\n<li>42mm N42 magnet<\/li>\n<li>S\u00fcvistatud M5 mutter<\/li>\n<li>12mm M5 kruvi<\/li>\n<\/ul>\n<p>Paigaldamine toimub salvetasku v\u00e4lisk\u00fcljel oleva augu kaudu. Paigaldamiseks:<\/p>\n<ol>\n<li>M\u00e4\u00e4rake ja lukustage soovitud salvetasku nurk enne paigaldamist<\/li>\n<li>Paigaldage magnet kaasasoleva riistvaraga<\/li>\n<\/ol>\n<p><strong>M\u00e4rkus:<\/strong> P\u00e4rast paigaldamist v\u00f5ib juurdep\u00e4\u00e4s keskmisele kinnituskruvile olla piiratud. Kaaluge tulevasteks reguleerimisteks kohandatud 3mm kuuskantv\u00f5tme valmistamist l\u00fchikese \u00f5laga.<\/p>\n<p>See magnetkinnitus v\u00f5imaldab salvetaskut erinevatel viisidel kasutada.<\/p>\n<\/div>\n","protected":false},"excerpt":{"rendered":"<p>Magnetkinnituse komplekt DAA Single Stack Racer salvehoidjatele. Lihtne paigaldada.<\/p>\n","protected":false},"featured_media":582380,"template":"","meta":{"_acf_changed":false},"product_brand":[],"product_cat":[542,543,1098],"product_tag":[],"class_list":{"0":"post-582278","1":"product","2":"type-product","3":"status-publish","4":"has-post-thumbnail","6":"product_cat-gear-et","7":"product_cat-pouches-et","8":"product_cat-sports-belts-et","10":"first","11":"instock","12":"taxable","13":"shipping-taxable","14":"purchasable","15":"product-type-simple"},"acf":[],"_links":{"self":[{"href":"https:\/\/staging.nbg.eu\/et\/wp-json\/wp\/v2\/product\/582278","targetHints":{"allow":["GET"]}}],"collection":[{"href":"https:\/\/staging.nbg.eu\/et\/wp-json\/wp\/v2\/product"}],"about":[{"href":"https:\/\/staging.nbg.eu\/et\/wp-json\/wp\/v2\/types\/product"}],"wp:featuredmedia":[{"embeddable":true,"href":"https:\/\/staging.nbg.eu\/et\/wp-json\/wp\/v2\/media\/582380"}],"wp:attachment":[{"href":"https:\/\/staging.nbg.eu\/et\/wp-json\/wp\/v2\/media?parent=582278"}],"wp:term":[{"taxonomy":"product_brand","embeddable":true,"href":"https:\/\/staging.nbg.eu\/et\/wp-json\/wp\/v2\/product_brand?post=582278"},{"taxonomy":"product_cat","embeddable":true,"href":"https:\/\/staging.nbg.eu\/et\/wp-json\/wp\/v2\/product_cat?post=582278"},{"taxonomy":"product_tag","embeddable":true,"href":"https:\/\/staging.nbg.eu\/et\/wp-json\/wp\/v2\/product_tag?post=582278"}],"curies":[{"name":"wp","href":"https:\/\/api.w.org\/{rel}","templated":true}]}}