{"id":581581,"date":"2025-10-10T18:09:59","date_gmt":"2025-10-10T15:09:59","guid":{"rendered":"https:\/\/staging.nbg.eu\/product\/daa-x-ray-polymer-pouch-black\/"},"modified":"2025-10-16T11:21:59","modified_gmt":"2025-10-16T08:21:59","slug":"daa-x-ray-poluemeertasku-must","status":"publish","type":"product","link":"https:\/\/staging.nbg.eu\/et\/toode\/daa-x-ray-poluemeertasku-must\/","title":{"rendered":"DAA X-Ray pol\u00fcmeertasku &#8211; must"},"content":{"rendered":"<h2>DAA X-Ray pol\u00fcmeerist salvetasku &#8211; Must<\/h2>\n<p>DAA X-Ray pol\u00fcmeerist salvetasku on v\u00f5istlussalvetasku. Selle omadused on:<\/p>\n<ul>\n<li>V\u00e4ljal\u00f5igetega disain kaalu v\u00e4hendamiseks<\/li>\n<li>8 kinnituspunkti m\u00f5lema k\u00e4ega kasutamiseks ja paigutamiseks<\/li>\n<li>3 komplekti vahepukse enamiku topeltrea salvedega kasutamiseks<\/li>\n<li>Kiudtugevdatud pol\u00fcmeerist konstruktsioon vastupidavuseks<\/li>\n<li>Kohandatud \u00fclemine serv salve lihtsamaks sisestamiseks<\/li>\n<li>Kinnituskruvi juhusliku avanemise v\u00e4ltimiseks<\/li>\n<li>Suurendatud 13mm kuulliigend stabiilsuse parandamiseks<\/li>\n<li>T\u00f6\u00f6riistadeta pingutuse reguleerimine suure pingutusrattaga<\/li>\n<\/ul>\n<p>DAA X-Ray pol\u00fcmeerist salvetasku on m\u00f5eldud lasketiirus kasutamiseks.<\/p>\n","protected":false},"excerpt":{"rendered":"<p>DAA X-Ray pol\u00fcmeerist p\u00fcstolisalvekott: Elegantne, mitmek\u00fclgne ja turvaline salve hoidik v\u00f5istlejatele.<\/p>\n","protected":false},"featured_media":581676,"template":"","meta":{"_acf_changed":false},"product_brand":[],"product_cat":[542,543,1004,1098],"product_tag":[],"class_list":{"0":"post-581581","1":"product","2":"type-product","3":"status-publish","4":"has-post-thumbnail","6":"product_cat-gear-et","7":"product_cat-pouches-et","8":"product_cat-sport-holster-et","9":"product_cat-sports-belts-et","11":"first","12":"instock","13":"taxable","14":"shipping-taxable","15":"purchasable","16":"product-type-simple"},"acf":[],"_links":{"self":[{"href":"https:\/\/staging.nbg.eu\/et\/wp-json\/wp\/v2\/product\/581581","targetHints":{"allow":["GET"]}}],"collection":[{"href":"https:\/\/staging.nbg.eu\/et\/wp-json\/wp\/v2\/product"}],"about":[{"href":"https:\/\/staging.nbg.eu\/et\/wp-json\/wp\/v2\/types\/product"}],"wp:featuredmedia":[{"embeddable":true,"href":"https:\/\/staging.nbg.eu\/et\/wp-json\/wp\/v2\/media\/581676"}],"wp:attachment":[{"href":"https:\/\/staging.nbg.eu\/et\/wp-json\/wp\/v2\/media?parent=581581"}],"wp:term":[{"taxonomy":"product_brand","embeddable":true,"href":"https:\/\/staging.nbg.eu\/et\/wp-json\/wp\/v2\/product_brand?post=581581"},{"taxonomy":"product_cat","embeddable":true,"href":"https:\/\/staging.nbg.eu\/et\/wp-json\/wp\/v2\/product_cat?post=581581"},{"taxonomy":"product_tag","embeddable":true,"href":"https:\/\/staging.nbg.eu\/et\/wp-json\/wp\/v2\/product_tag?post=581581"}],"curies":[{"name":"wp","href":"https:\/\/api.w.org\/{rel}","templated":true}]}}