{"id":581439,"date":"2025-10-10T18:09:53","date_gmt":"2025-10-10T15:09:53","guid":{"rendered":"https:\/\/staging.nbg.eu\/product\/jack-556x45mm-223-rem-wood\/"},"modified":"2025-10-17T17:34:17","modified_gmt":"2025-10-17T14:34:17","slug":"jack-556x45mm223-rem-puit","status":"publish","type":"product","link":"https:\/\/staging.nbg.eu\/et\/toode\/jack-556x45mm223-rem-puit\/","title":{"rendered":"Jack 5,56x45mm\/.223 REM puit"},"content":{"rendered":"<h2>Jack 5,56x45mm\/.223 REM puidust<\/h2>\n<p>Jack 5,56x45mm\/.223 REM puidust p\u00fcss on poolautomaatne tulirelv, mis \u00fchendab klassikalise v\u00e4limuse kaasaegse j\u00f5udlusega.<\/p>\n<h2>Peamised omadused:<\/h2>\n<ul>\n<li>Kaliiber: 5.56x45mm \/.223 Rem<\/li>\n<li>Relvaraua pikkus: 415mm<\/li>\n<li>Vindi samm: 1:8<\/li>\n<li>Suudme vindi samm: 14\u00d71 vasakkeere<\/li>\n<li>T\u00fchimass: 3.1kg (laadimata)<\/li>\n<li>Kuuli v\u00e4ljumiskiirus: 920 m\/s<\/li>\n<li>T\u00f6\u00f6p\u00f5him\u00f5te: p\u00f6\u00f6rleva lukuga lukustatud<\/li>\n<li>T\u00fc\u00fcp: poolautomaatne (t\u00e4isautomaatne versioon saadaval volitatud \u00fcksustele)<\/li>\n<\/ul>\n<h2>Disain ja funktsionaalsus:<\/h2>\n<p>Jack 5,56x45mm\/.223 REM puidust p\u00fcssil on freesitud k\u00fclgrail optika paigaldamiseks, mis on otse lukustuskambrile needitud. Puidust komponendid, sealhulgas p\u00fcssip\u00e4ra, laes\u00e4ng ja gaasipadruni kate, annavad klassikalise v\u00e4limuse.<\/p>\n<h2>Kasutajas\u00f5bralikkus:<\/h2>\n<ul>\n<li>Suurendatud tulere\u017eiimi l\u00fcliti<\/li>\n<li>Suurendatud salveava kiiremateks laadimisteks<\/li>\n<li>Relsis\u00fcsteem k\u00fclgmontaa\u017ei all (p\u00e4\u00e4susaba) lisatarvikute jaoks<\/li>\n<\/ul>\n","protected":false},"excerpt":{"rendered":"<p>Poolautomaatne p\u00fcss puidust osadega, 415 mm pikkuse rauaga, kaalub 3,1 kg. Freesitud r\u00f6\u00f6bas optika jaoks. Suudmekiirus 920 m\/s.<\/p>\n","protected":false},"featured_media":581521,"template":"","meta":{"_acf_changed":false},"product_brand":[],"product_cat":[2211,610],"product_tag":[],"class_list":{"0":"post-581439","1":"product","2":"type-product","3":"status-publish","4":"has-post-thumbnail","6":"product_cat-carbines-et","7":"product_cat-rifle-et","9":"first","10":"outofstock","11":"taxable","12":"shipping-taxable","13":"product-type-simple"},"acf":[],"_links":{"self":[{"href":"https:\/\/staging.nbg.eu\/et\/wp-json\/wp\/v2\/product\/581439","targetHints":{"allow":["GET"]}}],"collection":[{"href":"https:\/\/staging.nbg.eu\/et\/wp-json\/wp\/v2\/product"}],"about":[{"href":"https:\/\/staging.nbg.eu\/et\/wp-json\/wp\/v2\/types\/product"}],"wp:featuredmedia":[{"embeddable":true,"href":"https:\/\/staging.nbg.eu\/et\/wp-json\/wp\/v2\/media\/581521"}],"wp:attachment":[{"href":"https:\/\/staging.nbg.eu\/et\/wp-json\/wp\/v2\/media?parent=581439"}],"wp:term":[{"taxonomy":"product_brand","embeddable":true,"href":"https:\/\/staging.nbg.eu\/et\/wp-json\/wp\/v2\/product_brand?post=581439"},{"taxonomy":"product_cat","embeddable":true,"href":"https:\/\/staging.nbg.eu\/et\/wp-json\/wp\/v2\/product_cat?post=581439"},{"taxonomy":"product_tag","embeddable":true,"href":"https:\/\/staging.nbg.eu\/et\/wp-json\/wp\/v2\/product_tag?post=581439"}],"curies":[{"name":"wp","href":"https:\/\/api.w.org\/{rel}","templated":true}]}}