{"id":581273,"date":"2025-10-10T18:09:52","date_gmt":"2025-10-10T15:09:52","guid":{"rendered":"https:\/\/staging.nbg.eu\/product\/jack-556x45mm-223-rem-polymer\/"},"modified":"2025-10-17T17:31:23","modified_gmt":"2025-10-17T14:31:23","slug":"jack-556x45mm223-rem-poluemeer","status":"publish","type":"product","link":"https:\/\/staging.nbg.eu\/et\/toode\/jack-556x45mm223-rem-poluemeer\/","title":{"rendered":"Jack 5,56x45mm\/.223 REM pol\u00fcmeer"},"content":{"rendered":"<div class=\"product-description\">\n<h2>Jack 5,56x45mm\/.223 REM Pol\u00fcmeer<\/h2>\n<p>Jack 5,56x45mm\/.223 REM Pol\u00fcmeer on t\u00e4nap\u00e4evane relv, mis \u00fchendab t\u00e4pse konstruktsiooni, kaasaegsed materjalid ja ergonoomilise disaini.<\/p>\n<h2>P\u00f5hilised omadused:<\/h2>\n<ul>\n<li>Kaliiber: 5.56x45mm \/.223 Rem<\/li>\n<li>Relvaraua pikkus: 415mm<\/li>\n<li>Vintsamm: 1:8<\/li>\n<li>Suudme keere: 14\u00d71 vasakpoolne<\/li>\n<li>T\u00fchimass: 3.1kg (laadimata)<\/li>\n<li>Kuuli v\u00e4ljumiskiirus: 920 m\/s<\/li>\n<li>T\u00f6\u00f6p\u00f5him\u00f5te: P\u00f6\u00f6rdlukuga lukk<\/li>\n<li>T\u00fc\u00fcp: Poolautomaatne<\/li>\n<\/ul>\n<h2>Disain:<\/h2>\n<ul>\n<li>Freesitud k\u00fclgmine siinis\u00fcsteem optika paigaldamiseks<\/li>\n<li>Needitud siin lukurauale<\/li>\n<li>Pol\u00fcmeerist k\u00e4epide vastupidavuse ja kaalu v\u00e4hendamiseks<\/li>\n<li>Ergonoomiline pol\u00fcmeerist laes\u00e4ng<\/li>\n<li>Pol\u00fcmeerist gaasitoru kate soojuse hajutamiseks<\/li>\n<li>Suurendatud tulere\u017eiimi valits k\u00e4sitsemise h\u00f5lbustamiseks<\/li>\n<li>Suurendatud salve vabastaja kiireks salvevahetuseks<\/li>\n<li>Alumine siinis\u00fcsteem (kalasaba) lisaseadmete kinnitamiseks<\/li>\n<\/ul>\n<p>Jack 5,56x45mm\/.223 REM Pol\u00fcmeer on usaldusv\u00e4\u00e4rne, t\u00e4pne ja kaasaegse disainiga relv.<\/p>\n<\/div>\n","protected":false},"excerpt":{"rendered":"<p>Kompaktne, kerge 5,56 mm p\u00fcss pol\u00fcmeerkomponentidega. Poolautomaatne. Kohandatav optilise siiniga.<\/p>\n","protected":false},"featured_media":581332,"template":"","meta":{"_acf_changed":false},"product_brand":[],"product_cat":[2211,610],"product_tag":[],"class_list":{"0":"post-581273","1":"product","2":"type-product","3":"status-publish","4":"has-post-thumbnail","6":"product_cat-carbines-et","7":"product_cat-rifle-et","9":"first","10":"outofstock","11":"taxable","12":"shipping-taxable","13":"product-type-simple"},"acf":[],"_links":{"self":[{"href":"https:\/\/staging.nbg.eu\/et\/wp-json\/wp\/v2\/product\/581273","targetHints":{"allow":["GET"]}}],"collection":[{"href":"https:\/\/staging.nbg.eu\/et\/wp-json\/wp\/v2\/product"}],"about":[{"href":"https:\/\/staging.nbg.eu\/et\/wp-json\/wp\/v2\/types\/product"}],"wp:featuredmedia":[{"embeddable":true,"href":"https:\/\/staging.nbg.eu\/et\/wp-json\/wp\/v2\/media\/581332"}],"wp:attachment":[{"href":"https:\/\/staging.nbg.eu\/et\/wp-json\/wp\/v2\/media?parent=581273"}],"wp:term":[{"taxonomy":"product_brand","embeddable":true,"href":"https:\/\/staging.nbg.eu\/et\/wp-json\/wp\/v2\/product_brand?post=581273"},{"taxonomy":"product_cat","embeddable":true,"href":"https:\/\/staging.nbg.eu\/et\/wp-json\/wp\/v2\/product_cat?post=581273"},{"taxonomy":"product_tag","embeddable":true,"href":"https:\/\/staging.nbg.eu\/et\/wp-json\/wp\/v2\/product_tag?post=581273"}],"curies":[{"name":"wp","href":"https:\/\/api.w.org\/{rel}","templated":true}]}}