{"id":58111,"date":"2024-02-20T19:21:46","date_gmt":"2024-09-13T15:01:24","guid":{"rendered":"https:\/\/staging.nbg.eu\/product\/geissele-super-precision-compm5s-series-optic-mounts-black-absolute-co-witness\/"},"modified":"2024-09-13T15:02:09","modified_gmt":"2024-09-13T15:02:09","slug":"geissele-super-precision-compm5s-seeria-optika-kinnitused-must-absoluutne-kaasvaade","status":"publish","type":"product","link":"https:\/\/staging.nbg.eu\/et\/toode\/geissele-super-precision-compm5s-seeria-optika-kinnitused-must-absoluutne-kaasvaade\/","title":{"rendered":"Geissele Super Precision\u00ae &#8211; CompM5s seeria optika kinnitused, Must (Absoluutne kaasvaade)"},"content":{"rendered":"<h2>Geissele Super Precision\u00ae &#8211; CompM5s seeria optilised kinnitused<\/h2>\n<h3>Must (Absoluutne koosvaatlus)<\/h3>\n<p>Geissele Super Precision\u00ae CompM5s seeria optiline kinnitus on loodud Aimpoint CompM5s ja sarnaste punakiir optikate jaoks. See kinnitus pakub t\u00e4psust ja vastupidavust.<\/p>\n<ul>\n<li>T\u00e4ppist\u00f6\u00f6deldud \u00fchest 7075-T6 k\u00f5rgtugevusega alumiiniumit\u00fckist<\/li>\n<li>Absoluutse koosvaatluse k\u00f5rguse valik<\/li>\n<li>Uuenduslik mutri ja poldi kinnitusviis 1400 naela kinnitustugevusega<\/li>\n<li>3 nihkeserva maksimaalse j\u00e4ikuse ja parema nullasendisse naasmise jaoks<\/li>\n<li>T\u00fc\u00fcp 3 k\u00f5vakatteanodeeritud viimistlus mustas v\u00e4rvis<\/li>\n<\/ul>\n<p>Geissele pakub kvaliteetseid optilisi kinnitusi, mis parandavad teie tulirelva j\u00f5udlust ja usaldusv\u00e4\u00e4rsust.<\/p>\n","protected":false},"excerpt":{"rendered":"<p>T\u00e4ppisfreesitud kinnitus Aimpoint CompM5s-le. Vastupidav, j\u00e4ik ja usaldusv\u00e4\u00e4rne.<\/p>\n","protected":false},"featured_media":58112,"template":"","meta":{"_acf_changed":false},"product_brand":[11385],"product_cat":[610],"product_tag":[],"class_list":{"0":"post-58111","1":"product","2":"type-product","3":"status-publish","4":"has-post-thumbnail","6":"product_brand-geissele","7":"product_cat-rifle-et","9":"first","10":"instock","11":"taxable","12":"shipping-taxable","13":"product-type-simple"},"acf":[],"_links":{"self":[{"href":"https:\/\/staging.nbg.eu\/et\/wp-json\/wp\/v2\/product\/58111","targetHints":{"allow":["GET"]}}],"collection":[{"href":"https:\/\/staging.nbg.eu\/et\/wp-json\/wp\/v2\/product"}],"about":[{"href":"https:\/\/staging.nbg.eu\/et\/wp-json\/wp\/v2\/types\/product"}],"wp:featuredmedia":[{"embeddable":true,"href":"https:\/\/staging.nbg.eu\/et\/wp-json\/wp\/v2\/media\/58112"}],"wp:attachment":[{"href":"https:\/\/staging.nbg.eu\/et\/wp-json\/wp\/v2\/media?parent=58111"}],"wp:term":[{"taxonomy":"product_brand","embeddable":true,"href":"https:\/\/staging.nbg.eu\/et\/wp-json\/wp\/v2\/product_brand?post=58111"},{"taxonomy":"product_cat","embeddable":true,"href":"https:\/\/staging.nbg.eu\/et\/wp-json\/wp\/v2\/product_cat?post=58111"},{"taxonomy":"product_tag","embeddable":true,"href":"https:\/\/staging.nbg.eu\/et\/wp-json\/wp\/v2\/product_tag?post=58111"}],"curies":[{"name":"wp","href":"https:\/\/api.w.org\/{rel}","templated":true}]}}