{"id":579943,"date":"2025-10-10T18:09:46","date_gmt":"2025-10-10T15:09:46","guid":{"rendered":"https:\/\/staging.nbg.eu\/product\/mini-jack-556x45mm-223-rem-wbp-x-kruk\/"},"modified":"2025-10-17T17:24:16","modified_gmt":"2025-10-17T14:24:16","slug":"mini-jack-556x45mm223-rem-wbp-x-kruk","status":"publish","type":"product","link":"https:\/\/staging.nbg.eu\/et\/toode\/mini-jack-556x45mm223-rem-wbp-x-kruk\/","title":{"rendered":"Mini Jack 5,56x45mm\/.223 REM WBP X KRUK"},"content":{"rendered":"<div class=\"product-description\">\n<h2>Mini Jack 5,56x45mm\/.223 REM WBP X KRUK<\/h2>\n<p>Mini Jack 5,56x45mm\/.223 REM WBP X KRUK on p\u00fcss, mis on m\u00f5eldud professionaalidele ja entusiastidele. See relv \u00fchendab j\u00f5udluse ja t\u00e4iustatud funktsioonid.<\/p>\n<h2>P\u00f5hiomadused:<\/h2>\n<ul>\n<li>Fikseeritud kolb reguleeritava CRC 5002\/9035-ga<\/li>\n<li>CRC 1U043 gaasitoru alus ja kate<\/li>\n<li>Ergonoomiline pol\u00fcmeerk\u00e4epide<\/li>\n<li>Suurendatud tulire\u017eiimi l\u00fcliti<\/li>\n<li>Suurendatud salveava<\/li>\n<li>K\u00fclgmonteerimise relss (p\u00e4\u00e4susaba)<\/li>\n<li>Freesitud k\u00fclgrelss optika paigaldamiseks<\/li>\n<\/ul>\n<h2>Tehnilised andmed:<\/h2>\n<ul>\n<li>Kaliiber: 5.56\u00d745 mm\/.223 Rem<\/li>\n<li>Relvaraua pikkus: 259mm<\/li>\n<li>Vindek\u00e4ik: 1:8<\/li>\n<li>Suudme keere: 14\u00d71 vasakkeere<\/li>\n<li>T\u00f6\u00f6p\u00f5him\u00f5te: P\u00f6\u00f6rdlukustusega<\/li>\n<li>T\u00fc\u00fcp: Poolautomaatne<\/li>\n<\/ul>\n<p>Mini Jack on kompaktse disainiga p\u00fcss, mis sobib erinevateks rakendusteks, alates taktikalistest operatsioonidest kuni spordilaskmiseni.<\/p>\n<p>Sellel p\u00fcssil on lukustuskambrile neetitud relss optika kinnitamiseks. Suurendatud tulire\u017eiimi l\u00fcliti ja salveava parandavad ergonoomiat ja k\u00e4sitsemist.<\/p>\n<\/div>\n","protected":false},"excerpt":{"rendered":"<p>Kompaktne 5,56 mm poolautomaatne vintp\u00fcss reguleeritava laega, pol\u00fcmeerist k\u00e4epidemega ja optikasiinega. Mitmek\u00fclgne ja kohandatav.<\/p>\n","protected":false},"featured_media":580016,"template":"","meta":{"_acf_changed":false},"product_brand":[],"product_cat":[2211,610],"product_tag":[],"class_list":{"0":"post-579943","1":"product","2":"type-product","3":"status-publish","4":"has-post-thumbnail","6":"product_cat-carbines-et","7":"product_cat-rifle-et","9":"first","10":"outofstock","11":"taxable","12":"shipping-taxable","13":"product-type-simple"},"acf":[],"_links":{"self":[{"href":"https:\/\/staging.nbg.eu\/et\/wp-json\/wp\/v2\/product\/579943","targetHints":{"allow":["GET"]}}],"collection":[{"href":"https:\/\/staging.nbg.eu\/et\/wp-json\/wp\/v2\/product"}],"about":[{"href":"https:\/\/staging.nbg.eu\/et\/wp-json\/wp\/v2\/types\/product"}],"wp:featuredmedia":[{"embeddable":true,"href":"https:\/\/staging.nbg.eu\/et\/wp-json\/wp\/v2\/media\/580016"}],"wp:attachment":[{"href":"https:\/\/staging.nbg.eu\/et\/wp-json\/wp\/v2\/media?parent=579943"}],"wp:term":[{"taxonomy":"product_brand","embeddable":true,"href":"https:\/\/staging.nbg.eu\/et\/wp-json\/wp\/v2\/product_brand?post=579943"},{"taxonomy":"product_cat","embeddable":true,"href":"https:\/\/staging.nbg.eu\/et\/wp-json\/wp\/v2\/product_cat?post=579943"},{"taxonomy":"product_tag","embeddable":true,"href":"https:\/\/staging.nbg.eu\/et\/wp-json\/wp\/v2\/product_tag?post=579943"}],"curies":[{"name":"wp","href":"https:\/\/api.w.org\/{rel}","templated":true}]}}