{"id":579654,"date":"2025-10-10T18:09:31","date_gmt":"2025-10-10T15:09:31","guid":{"rendered":"https:\/\/staging.nbg.eu\/product\/mini-jack-556x45mm-223-rem-wood\/"},"modified":"2025-10-17T17:19:23","modified_gmt":"2025-10-17T14:19:23","slug":"mini-jack-556x45mm223-rem-puit","status":"publish","type":"product","link":"https:\/\/staging.nbg.eu\/et\/toode\/mini-jack-556x45mm223-rem-puit\/","title":{"rendered":"Mini Jack 5,56x45mm\/.223 REM puit"},"content":{"rendered":"<h2>Mini Jack 5,56x45mm\/.223 REM Puit<\/h2>\n<p>Mini Jack 5,56x45mm\/.223 REM Puit on poolautomaatne relv, mis \u00fchendab klassikalise v\u00e4limuse ja kaasaegse tulej\u00f5u. See kompaktne relv sobib nii harrastajatele kui ka professionaalidele.<\/p>\n<h3>P\u00f5hiomadused:<\/h3>\n<ul>\n<li>Puidust laad, k\u00e4epide ja gaasitoru kate<\/li>\n<li>Suurendatud tulere\u017eiimi valits<\/li>\n<li>T\u00e4iustatud salve vabastusmehhanism<\/li>\n<li>K\u00fclgmine siinimontaa\u017e optika paigaldamiseks<\/li>\n<li>Freesitud k\u00fclgsiin, neetitud relva korpusele<\/li>\n<\/ul>\n<h3>Tehnilised andmed:<\/h3>\n<ul>\n<li>Kaliber: 5.56x45mm \/.223 Rem<\/li>\n<li>Relvaraua pikkus: 415mm (25.9cm)<\/li>\n<li>Vintraua keerd: 1:8<\/li>\n<li>Suudmekeere: 14\u00d71 vasakkeere<\/li>\n<li>Kaal (t\u00fchjalt): 3.1kg (2.83kg tehniliste andmete j\u00e4rgi)<\/li>\n<li>Suudmekiirus: 920 m\/s<\/li>\n<li>T\u00f6\u00f6p\u00f5him\u00f5te: P\u00f6\u00f6rlev lukk<\/li>\n<li>T\u00fc\u00fcp: Poolautomaatne<\/li>\n<\/ul>\n<p>Mini Jack eristub oma l\u00fchema relvaraua pikkusega, mis on alla 26 cm, muutes selle k\u00e4sitsemise lihtsamaks. Puidust versioonil on suurendatud tulere\u017eiimi valits ja salve vabastusmehhanism.<\/p>\n<h3>Pakendi sisu:<\/h3>\n<ul>\n<li>1 x Mini Jack 5,56x45mm\/.223 REM Puit relv<\/li>\n<\/ul>\n<p>Puidust komponendid pakuvad mugavat haaret ja soojuse hajutamist pikema kasutamise ajal.<\/p>\n<p>Mini Jack 5,56x45mm\/.223 REM Puit \u00fchendab traditsioonilise k\u00e4sit\u00f6\u00f6 ja kaasaegse relvatehnoloogia. Selle kompaktne suurus koos 5.56x45mm padruniga teeb sellest hea valiku erinevateks laskmisrakendusteks.<\/p>\n","protected":false},"excerpt":{"rendered":"<p>Kompaktne puust Mini Jack p\u00fcss kaliibriga 5.56x45mm\/.223 REM. Mitmek\u00fclgne ja kohandatav.<\/p>\n","protected":false},"featured_media":579708,"template":"","meta":{"_acf_changed":false},"product_brand":[],"product_cat":[2211,610],"product_tag":[],"class_list":{"0":"post-579654","1":"product","2":"type-product","3":"status-publish","4":"has-post-thumbnail","6":"product_cat-carbines-et","7":"product_cat-rifle-et","9":"first","10":"outofstock","11":"taxable","12":"shipping-taxable","13":"product-type-simple"},"acf":[],"_links":{"self":[{"href":"https:\/\/staging.nbg.eu\/et\/wp-json\/wp\/v2\/product\/579654","targetHints":{"allow":["GET"]}}],"collection":[{"href":"https:\/\/staging.nbg.eu\/et\/wp-json\/wp\/v2\/product"}],"about":[{"href":"https:\/\/staging.nbg.eu\/et\/wp-json\/wp\/v2\/types\/product"}],"wp:featuredmedia":[{"embeddable":true,"href":"https:\/\/staging.nbg.eu\/et\/wp-json\/wp\/v2\/media\/579708"}],"wp:attachment":[{"href":"https:\/\/staging.nbg.eu\/et\/wp-json\/wp\/v2\/media?parent=579654"}],"wp:term":[{"taxonomy":"product_brand","embeddable":true,"href":"https:\/\/staging.nbg.eu\/et\/wp-json\/wp\/v2\/product_brand?post=579654"},{"taxonomy":"product_cat","embeddable":true,"href":"https:\/\/staging.nbg.eu\/et\/wp-json\/wp\/v2\/product_cat?post=579654"},{"taxonomy":"product_tag","embeddable":true,"href":"https:\/\/staging.nbg.eu\/et\/wp-json\/wp\/v2\/product_tag?post=579654"}],"curies":[{"name":"wp","href":"https:\/\/api.w.org\/{rel}","templated":true}]}}