{"id":57945,"date":"2024-02-20T19:33:36","date_gmt":"2024-09-13T14:53:26","guid":{"rendered":"https:\/\/staging.nbg.eu\/product\/geissele-super-precision-compm5s-series-optic-mounts-black-1-93\/"},"modified":"2024-09-13T14:54:10","modified_gmt":"2024-09-13T14:54:10","slug":"geissele-super-precision-compm5s-seeria-optika-kinnitused-must-193","status":"publish","type":"product","link":"https:\/\/staging.nbg.eu\/et\/toode\/geissele-super-precision-compm5s-seeria-optika-kinnitused-must-193\/","title":{"rendered":"Geissele Super Precision\u00ae &#8211; CompM5s seeria optika kinnitused, Must (1.93&#8243;)"},"content":{"rendered":"<div class=\"product-description\">\n<h2>Geissele Super Precision\u00ae &#8211; CompM5s seeria optilised kinnitused, must (1.93&#8243;)<\/h2>\n<p>Geissele Super Precision\u00ae CompM5s seeria optiline kinnitus on loodud Aimpoint CompM5s ja sarnaste punase t\u00e4pi optikate jaoks. See kinnitus pakub t\u00e4psust ja vastupidavust.<\/p>\n<ul>\n<li>Valmistatud t\u00e4ppist\u00f6\u00f6tlusega \u00fchest 7075-T6 k\u00f5rgtugevast alumiiniumit\u00fckist<\/li>\n<li>1.93&#8243; k\u00f5rguse valik<\/li>\n<li>Kinnituss\u00fcsteem mutri ja poldiga, 1400 naela klamberdusj\u00f5udu<\/li>\n<li>3 nihke\u00e4\u00e4rist maksimaalse j\u00e4ikuse ja nullasendi tagasip\u00f6\u00f6rdumise jaoks<\/li>\n<li>Must t\u00fc\u00fcp 3 k\u00f5vaanooditud viimistlus<\/li>\n<\/ul>\n<p>See optiline kinnitus pakub usaldusv\u00e4\u00e4rset t\u00f6\u00f6kindlust ja j\u00f5udlust.<\/p>\n<\/div>\n","protected":false},"excerpt":{"rendered":"<p>T\u00e4ppist\u00f6\u00f6deldud kinnitus Aimpoint CompM5s jaoks, \u00fclimalt turvaline ja vastupidav.<\/p>\n","protected":false},"featured_media":57946,"template":"","meta":{"_acf_changed":false},"product_brand":[11385],"product_cat":[610],"product_tag":[],"class_list":{"0":"post-57945","1":"product","2":"type-product","3":"status-publish","4":"has-post-thumbnail","6":"product_brand-geissele","7":"product_cat-rifle-et","9":"first","10":"instock","11":"taxable","12":"shipping-taxable","13":"product-type-simple"},"acf":[],"_links":{"self":[{"href":"https:\/\/staging.nbg.eu\/et\/wp-json\/wp\/v2\/product\/57945","targetHints":{"allow":["GET"]}}],"collection":[{"href":"https:\/\/staging.nbg.eu\/et\/wp-json\/wp\/v2\/product"}],"about":[{"href":"https:\/\/staging.nbg.eu\/et\/wp-json\/wp\/v2\/types\/product"}],"wp:featuredmedia":[{"embeddable":true,"href":"https:\/\/staging.nbg.eu\/et\/wp-json\/wp\/v2\/media\/57946"}],"wp:attachment":[{"href":"https:\/\/staging.nbg.eu\/et\/wp-json\/wp\/v2\/media?parent=57945"}],"wp:term":[{"taxonomy":"product_brand","embeddable":true,"href":"https:\/\/staging.nbg.eu\/et\/wp-json\/wp\/v2\/product_brand?post=57945"},{"taxonomy":"product_cat","embeddable":true,"href":"https:\/\/staging.nbg.eu\/et\/wp-json\/wp\/v2\/product_cat?post=57945"},{"taxonomy":"product_tag","embeddable":true,"href":"https:\/\/staging.nbg.eu\/et\/wp-json\/wp\/v2\/product_tag?post=57945"}],"curies":[{"name":"wp","href":"https:\/\/api.w.org\/{rel}","templated":true}]}}