{"id":578733,"date":"2025-10-10T18:09:29","date_gmt":"2025-10-10T15:09:29","guid":{"rendered":"https:\/\/staging.nbg.eu\/product\/mini-jack-762x39-mm-wbp-x-kruk\/"},"modified":"2025-10-17T16:52:12","modified_gmt":"2025-10-17T13:52:12","slug":"mini-jack-762x39-mm-wbp-x-kruk","status":"publish","type":"product","link":"https:\/\/staging.nbg.eu\/et\/toode\/mini-jack-762x39-mm-wbp-x-kruk\/","title":{"rendered":"Mini Jack 7,62&#215;39 mm WBP X KRUK"},"content":{"rendered":"<h2>Mini Jack 7,62&#215;39 mm WBP X KRUK<\/h2>\n<p>Mini Jack 7,62&#215;39 mm WBP X KRUK on p\u00fcss, mis on m\u00f5eldud tsiviilisikutele ja volitatud \u00fcksustele. See relv \u00fchendab j\u00f5u, t\u00e4psuse ja ergonoomika.<\/p>\n<h2>P\u00f5hiomadused:<\/h2>\n<ul>\n<li><strong>Reguleeritav p\u00fcssip\u00e4ra:<\/strong> CRC 5002\/9035 fikseeritud p\u00fcssip\u00e4ra pakub stabiilset tuge reguleeritava pikkusega.<\/li>\n<li><strong>Vastupidav konstruktsioon:<\/strong> Tugev raam ja CRC 1U043 gaasitoru kate.<\/li>\n<li><strong>Ergonoomiline disain:<\/strong> Kerge pol\u00fcmeerist p\u00fcstolk\u00e4epide.<\/li>\n<li><strong>T\u00e4iustatud juhtnupud:<\/strong> Suurendatud tulereziimi l\u00fcliti ja salve vabastamise nupp.<\/li>\n<li><strong>Mitmek\u00fclgsed kinnitusvalikud:<\/strong> K\u00fclgmine &#8220;p\u00e4\u00e4susaba&#8221; siinis\u00fcsteem optika ja \u00f6\u00f6n\u00e4gemisseadmete jaoks.<\/li>\n<\/ul>\n<h2>Tehnilised andmed:<\/h2>\n<ul>\n<li>Kaliber: 7,62 x 39 mm<\/li>\n<li>Relvaraua pikkus: 259 mm<\/li>\n<li>Relvaraua vintsamm: 1:8<\/li>\n<li>V\u00e4liskeere: 14\u00d71 vasakkeere<\/li>\n<li>Lukustusmehhanism: P\u00f6\u00f6rdlukk<\/li>\n<li>Tulere\u017eiim: Poolautomaatne<\/li>\n<li>Konstruktsioonit\u00fc\u00fcp: Poolautomaatne p\u00fcss<\/li>\n<\/ul>\n<p>Mini Jack 7,62&#215;39 mm WBP X KRUK sobib nii tsiviilkasutajatele kui ka professionaalidele.<\/p>\n","protected":false},"excerpt":{"rendered":"<p>Mini Jack 7.62x39mm: Kompaktne, ergonoomiline p\u00fcss t\u00e4iustatud omadustega tsiviil- ja volitatud kasutuseks.<\/p>\n","protected":false},"featured_media":578788,"template":"","meta":{"_acf_changed":false},"product_brand":[],"product_cat":[2211,610],"product_tag":[],"class_list":{"0":"post-578733","1":"product","2":"type-product","3":"status-publish","4":"has-post-thumbnail","6":"product_cat-carbines-et","7":"product_cat-rifle-et","9":"first","10":"outofstock","11":"taxable","12":"shipping-taxable","13":"product-type-simple"},"acf":[],"_links":{"self":[{"href":"https:\/\/staging.nbg.eu\/et\/wp-json\/wp\/v2\/product\/578733","targetHints":{"allow":["GET"]}}],"collection":[{"href":"https:\/\/staging.nbg.eu\/et\/wp-json\/wp\/v2\/product"}],"about":[{"href":"https:\/\/staging.nbg.eu\/et\/wp-json\/wp\/v2\/types\/product"}],"wp:featuredmedia":[{"embeddable":true,"href":"https:\/\/staging.nbg.eu\/et\/wp-json\/wp\/v2\/media\/578788"}],"wp:attachment":[{"href":"https:\/\/staging.nbg.eu\/et\/wp-json\/wp\/v2\/media?parent=578733"}],"wp:term":[{"taxonomy":"product_brand","embeddable":true,"href":"https:\/\/staging.nbg.eu\/et\/wp-json\/wp\/v2\/product_brand?post=578733"},{"taxonomy":"product_cat","embeddable":true,"href":"https:\/\/staging.nbg.eu\/et\/wp-json\/wp\/v2\/product_cat?post=578733"},{"taxonomy":"product_tag","embeddable":true,"href":"https:\/\/staging.nbg.eu\/et\/wp-json\/wp\/v2\/product_tag?post=578733"}],"curies":[{"name":"wp","href":"https:\/\/api.w.org\/{rel}","templated":true}]}}