{"id":57813,"date":"2024-02-20T19:42:37","date_gmt":"2024-09-13T14:48:33","guid":{"rendered":"https:\/\/staging.nbg.eu\/product\/geissele-super-precision-t1-mount-lower-1-3-co-witness\/"},"modified":"2024-09-13T14:49:19","modified_gmt":"2024-09-13T14:49:19","slug":"geissele-super-precision-t1-kinnitus-alumine-13-kaasvaade","status":"publish","type":"product","link":"https:\/\/staging.nbg.eu\/et\/toode\/geissele-super-precision-t1-kinnitus-alumine-13-kaasvaade\/","title":{"rendered":"Geissele Super Precision T1 kinnitus &#8211; Alumine 1\/3 kaasvaade"},"content":{"rendered":"<div class=\"product-description\">\n<h2>Geissele Super Precision T1 kinnitus &#8211; Alumine 1\/3 koosvaade (DDC)<\/h2>\n<p>Geissele Super Precision T1 kinnitus on m\u00f5eldud Aimpoint T1 ja sarnastele punase t\u00e4pi optikaseadmetele. See kinnitus pakub:<\/p>\n<ul>\n<li>T\u00e4ppist\u00f6\u00f6deldud \u00fchest 7075-T6 k\u00f5rgtugevast alumiiniumist t\u00fckist<\/li>\n<li>Alumine 1\/3 koosvaate v\u00f5imalus<\/li>\n<li>DDC (Desert Dirt Color) t\u00fc\u00fcp 3 anodeeritud viimistlus<\/li>\n<li>Mutri ja poldi kinnitusviis, mis tagab 1400 naela kinnitusj\u00f5udu<\/li>\n<li>3 nihkekonksu maksimaalse j\u00e4ikuse ja nullpunkti tagasip\u00f6\u00f6rdumise jaoks<\/li>\n<\/ul>\n<p>See kinnitus sobib t\u00f5sistele laskuritele ja professionaalidele.<\/p>\n<\/div>\n","protected":false},"excerpt":{"rendered":"<p>T\u00e4pne T1 kinnitus: Alumine 1\/3 koosvaatlus, DDC viimistlus, \u00fclimalt vastupidav.<\/p>\n","protected":false},"featured_media":57814,"template":"","meta":{"_acf_changed":false},"product_brand":[11385],"product_cat":[610],"product_tag":[],"class_list":{"0":"post-57813","1":"product","2":"type-product","3":"status-publish","4":"has-post-thumbnail","6":"product_brand-geissele","7":"product_cat-rifle-et","9":"first","10":"instock","11":"taxable","12":"shipping-taxable","13":"product-type-variable","14":"wvs-archive-product-wrapper"},"acf":[],"_links":{"self":[{"href":"https:\/\/staging.nbg.eu\/et\/wp-json\/wp\/v2\/product\/57813","targetHints":{"allow":["GET"]}}],"collection":[{"href":"https:\/\/staging.nbg.eu\/et\/wp-json\/wp\/v2\/product"}],"about":[{"href":"https:\/\/staging.nbg.eu\/et\/wp-json\/wp\/v2\/types\/product"}],"wp:featuredmedia":[{"embeddable":true,"href":"https:\/\/staging.nbg.eu\/et\/wp-json\/wp\/v2\/media\/57814"}],"wp:attachment":[{"href":"https:\/\/staging.nbg.eu\/et\/wp-json\/wp\/v2\/media?parent=57813"}],"wp:term":[{"taxonomy":"product_brand","embeddable":true,"href":"https:\/\/staging.nbg.eu\/et\/wp-json\/wp\/v2\/product_brand?post=57813"},{"taxonomy":"product_cat","embeddable":true,"href":"https:\/\/staging.nbg.eu\/et\/wp-json\/wp\/v2\/product_cat?post=57813"},{"taxonomy":"product_tag","embeddable":true,"href":"https:\/\/staging.nbg.eu\/et\/wp-json\/wp\/v2\/product_tag?post=57813"}],"curies":[{"name":"wp","href":"https:\/\/api.w.org\/{rel}","templated":true}]}}