{"id":577928,"date":"2025-10-10T18:01:49","date_gmt":"2025-10-10T15:01:49","guid":{"rendered":"https:\/\/staging.nbg.eu\/product\/x-ray-pcc-spacer-rh\/"},"modified":"2025-10-15T12:42:38","modified_gmt":"2025-10-15T09:42:38","slug":"x-ray-pcc-distants-parem","status":"publish","type":"product","link":"https:\/\/staging.nbg.eu\/et\/toode\/x-ray-pcc-distants-parem\/","title":{"rendered":"X-Ray PCC distants parem"},"content":{"rendered":"<h2>X-Ray PCC pikendatud salve vahet\u00fckk paremak\u00e4elistele<\/h2>\n<p>X-Ray PCC pikendatud salve vahet\u00fckk paremak\u00e4elistele on m\u00f5eldud kasutamiseks pikendatud Glocki salvedega skeleteeritud DAA X-Ray salvetaskutes. See vahet\u00fckk asendab standardversiooni, v\u00f5imaldades pikkadel salvedel ulatuda l\u00e4bi salvetasku p\u00f5hja.<\/p>\n<h2>P\u00f5hiomadused:<\/h2>\n<ul>\n<li>Sobib alumiiniumist ja pol\u00fcmeerist DAA X-Ray salvetaskutega<\/li>\n<li>Spetsiaalselt disainitud pikendatud Glocki PCC salvedele<\/li>\n<li>Tugi\u00f5lg asetseb salve taga<\/li>\n<li>Parandab tasakaalu ja hoiab salve kindlamalt<\/li>\n<li>Kiire ja lihtne paigaldus<\/li>\n<\/ul>\n<p>M\u00e4rkus: Soovitatav on keskmine tagumine vahet\u00fckk (kaasas X-Ray salvetaskutega). Salvetasku ja salv ei ole kaasas. Ainult \u00fcks vahet\u00fckk.<\/p>\n","protected":false},"excerpt":{"rendered":"<p>Kinnitage pikendatud PCC salved DAA X-Ray taskutesse. Parema k\u00e4e versioon.<\/p>\n","protected":false},"featured_media":577989,"template":"","meta":{"_acf_changed":false},"product_brand":[],"product_cat":[542,543],"product_tag":[],"class_list":{"0":"post-577928","1":"product","2":"type-product","3":"status-publish","4":"has-post-thumbnail","6":"product_cat-gear-et","7":"product_cat-pouches-et","9":"first","10":"instock","11":"taxable","12":"shipping-taxable","13":"purchasable","14":"product-type-simple"},"acf":[],"_links":{"self":[{"href":"https:\/\/staging.nbg.eu\/et\/wp-json\/wp\/v2\/product\/577928","targetHints":{"allow":["GET"]}}],"collection":[{"href":"https:\/\/staging.nbg.eu\/et\/wp-json\/wp\/v2\/product"}],"about":[{"href":"https:\/\/staging.nbg.eu\/et\/wp-json\/wp\/v2\/types\/product"}],"wp:featuredmedia":[{"embeddable":true,"href":"https:\/\/staging.nbg.eu\/et\/wp-json\/wp\/v2\/media\/577989"}],"wp:attachment":[{"href":"https:\/\/staging.nbg.eu\/et\/wp-json\/wp\/v2\/media?parent=577928"}],"wp:term":[{"taxonomy":"product_brand","embeddable":true,"href":"https:\/\/staging.nbg.eu\/et\/wp-json\/wp\/v2\/product_brand?post=577928"},{"taxonomy":"product_cat","embeddable":true,"href":"https:\/\/staging.nbg.eu\/et\/wp-json\/wp\/v2\/product_cat?post=577928"},{"taxonomy":"product_tag","embeddable":true,"href":"https:\/\/staging.nbg.eu\/et\/wp-json\/wp\/v2\/product_tag?post=577928"}],"curies":[{"name":"wp","href":"https:\/\/api.w.org\/{rel}","templated":true}]}}