{"id":577740,"date":"2025-10-10T16:07:00","date_gmt":"2025-10-10T13:07:00","guid":{"rendered":"https:\/\/staging.nbg.eu\/product\/polymer-magazine-762x39-mm-for-akm-rifle-10-rounds\/"},"modified":"2025-10-15T12:35:54","modified_gmt":"2025-10-15T09:35:54","slug":"poluemeer-salv-762x39-mm-akm-vintpuessile-10-padrunit","status":"publish","type":"product","link":"https:\/\/staging.nbg.eu\/et\/toode\/poluemeer-salv-762x39-mm-akm-vintpuessile-10-padrunit\/","title":{"rendered":"Pol\u00fcmeer salv 7,62&#215;39 mm AKM vintp\u00fcssile 10 padrunit"},"content":{"rendered":"<h2>Magpul PMAG 10 AK\/AKM MOE salv<\/h2>\n<h2>7.62x39mm | 10 padruni mahutavus<\/h2>\n<p>Magpul PMAG 10 AK\/AKM MOE salv on m\u00f5eldud AK-t\u00fc\u00fcpi relvadele. See pol\u00fcmeerist salv on loodud Kala\u0161nikovi t\u00fc\u00fcpi relvadele kaliibriga 7.62x39mm, sealhulgas AK-47, AKM, AKS ja SIG556R.<\/p>\n<h3>P\u00f5hiomadused:<\/h3>\n<ul>\n<li>Vastupidav pol\u00fcmeerkonstruktsioon<\/li>\n<li>10 padruni mahutavus<\/li>\n<li>\u00dchtlase k\u00f5verusega geomeetria<\/li>\n<li>Roostevabast terasest vedru<\/li>\n<li>Madala h\u00f5\u00f5rdumisega padrunipidur<\/li>\n<li>Eemaldatav p\u00f5hjaplaat<\/li>\n<li>Ribiline haardepind<\/li>\n<li>T\u00e4ppmaatriksid m\u00e4rgistamiseks<\/li>\n<li>Arvestatakse kolme USA vastavusosana 922(r) jaoks<\/li>\n<\/ul>\n<p>See kompaktne salv sobib lamades ja toelt laskmiseks. Salv pakub sama t\u00f6\u00f6kindlust kui metallsalved.<\/p>\n<p><em>Valmistatud USAs<\/em><\/p>\n","protected":false},"excerpt":{"rendered":"<p>Usaldusv\u00e4\u00e4rne 10-lasuline 7,62x39mm AKM salv. Kerge pol\u00fcmeerist, valmistatud USAs.<\/p>\n","protected":false},"featured_media":577809,"template":"","meta":{"_acf_changed":false},"product_brand":[],"product_cat":[610,2764],"product_tag":[],"class_list":{"0":"post-577740","1":"product","2":"type-product","3":"status-publish","4":"has-post-thumbnail","6":"product_cat-rifle-et","7":"product_cat-rifle-magazines-et","9":"first","10":"outofstock","11":"taxable","12":"shipping-taxable","13":"product-type-simple"},"acf":[],"_links":{"self":[{"href":"https:\/\/staging.nbg.eu\/et\/wp-json\/wp\/v2\/product\/577740","targetHints":{"allow":["GET"]}}],"collection":[{"href":"https:\/\/staging.nbg.eu\/et\/wp-json\/wp\/v2\/product"}],"about":[{"href":"https:\/\/staging.nbg.eu\/et\/wp-json\/wp\/v2\/types\/product"}],"wp:featuredmedia":[{"embeddable":true,"href":"https:\/\/staging.nbg.eu\/et\/wp-json\/wp\/v2\/media\/577809"}],"wp:attachment":[{"href":"https:\/\/staging.nbg.eu\/et\/wp-json\/wp\/v2\/media?parent=577740"}],"wp:term":[{"taxonomy":"product_brand","embeddable":true,"href":"https:\/\/staging.nbg.eu\/et\/wp-json\/wp\/v2\/product_brand?post=577740"},{"taxonomy":"product_cat","embeddable":true,"href":"https:\/\/staging.nbg.eu\/et\/wp-json\/wp\/v2\/product_cat?post=577740"},{"taxonomy":"product_tag","embeddable":true,"href":"https:\/\/staging.nbg.eu\/et\/wp-json\/wp\/v2\/product_tag?post=577740"}],"curies":[{"name":"wp","href":"https:\/\/api.w.org\/{rel}","templated":true}]}}