{"id":577586,"date":"2025-10-10T16:06:59","date_gmt":"2025-10-10T13:06:59","guid":{"rendered":"https:\/\/staging.nbg.eu\/product\/polymer-magazine-556x45-mm-for-akm-rifles-10-rounds\/"},"modified":"2025-10-15T12:30:28","modified_gmt":"2025-10-15T09:30:28","slug":"poluemeer-salv-556x45-mm-akm-vintpuessidele-10-padrunit","status":"publish","type":"product","link":"https:\/\/staging.nbg.eu\/et\/toode\/poluemeer-salv-556x45-mm-akm-vintpuessidele-10-padrunit\/","title":{"rendered":"Pol\u00fcmeer salv 5,56&#215;45 mm AKM vintp\u00fcssidele 10 padrunit"},"content":{"rendered":"<h2>Pol\u00fcmeerist salv AK-le 5,56&#215;45 mm \/ .223 Rem &#8211; 10 padrunit<\/h2>\n<p>WBP Rog\u00f3wi pol\u00fcmeerist salv AK relvale. M\u00f5eldud 5,56&#215;45 mm \/ .223 Rem kaliibri laskemoonale, 10-padrunine salv sobib Jack, Mini Jack, Beryl ja Mini Beryl karabiinidele.<\/p>\n<h2>Omadused:<\/h2>\n<ul>\n<li>Pol\u00fcmeerist konstruktsioon<\/li>\n<li>Kerge disain<\/li>\n<li>Pooll\u00e4bipaistev korpus<\/li>\n<li>Terasest p\u00f5hjaplaat<\/li>\n<\/ul>\n<h2>Tehnilised andmed:<\/h2>\n<ul>\n<li>Korpus: Pol\u00fcmeer<\/li>\n<li>Padruniliugur: Teras<\/li>\n<li>Kaliiber: 5,56&#215;45 mm \/ .223 Rem<\/li>\n<li>Mahutavus: 10 padrunit<\/li>\n<li>Kaal: 103 g<\/li>\n<li>V\u00e4rv: L\u00e4bipaistev<\/li>\n<\/ul>\n<p>Salv AK relvale.<\/p>\n","protected":false},"excerpt":{"rendered":"<p>Pol\u00fcmeerist AK salv, 10 padrunit, 5,56\u00d745\/.223, pooll\u00e4bipaistev, WBP Rog\u00f3w<\/p>\n","protected":false},"featured_media":577625,"template":"","meta":{"_acf_changed":false},"product_brand":[],"product_cat":[610,2764],"product_tag":[],"class_list":{"0":"post-577586","1":"product","2":"type-product","3":"status-publish","4":"has-post-thumbnail","6":"product_cat-rifle-et","7":"product_cat-rifle-magazines-et","9":"first","10":"outofstock","11":"taxable","12":"shipping-taxable","13":"product-type-simple"},"acf":[],"_links":{"self":[{"href":"https:\/\/staging.nbg.eu\/et\/wp-json\/wp\/v2\/product\/577586","targetHints":{"allow":["GET"]}}],"collection":[{"href":"https:\/\/staging.nbg.eu\/et\/wp-json\/wp\/v2\/product"}],"about":[{"href":"https:\/\/staging.nbg.eu\/et\/wp-json\/wp\/v2\/types\/product"}],"wp:featuredmedia":[{"embeddable":true,"href":"https:\/\/staging.nbg.eu\/et\/wp-json\/wp\/v2\/media\/577625"}],"wp:attachment":[{"href":"https:\/\/staging.nbg.eu\/et\/wp-json\/wp\/v2\/media?parent=577586"}],"wp:term":[{"taxonomy":"product_brand","embeddable":true,"href":"https:\/\/staging.nbg.eu\/et\/wp-json\/wp\/v2\/product_brand?post=577586"},{"taxonomy":"product_cat","embeddable":true,"href":"https:\/\/staging.nbg.eu\/et\/wp-json\/wp\/v2\/product_cat?post=577586"},{"taxonomy":"product_tag","embeddable":true,"href":"https:\/\/staging.nbg.eu\/et\/wp-json\/wp\/v2\/product_tag?post=577586"}],"curies":[{"name":"wp","href":"https:\/\/api.w.org\/{rel}","templated":true}]}}