{"id":577163,"date":"2025-10-10T16:06:54","date_gmt":"2025-10-10T13:06:54","guid":{"rendered":"https:\/\/staging.nbg.eu\/product\/polymer-magazine-556x45-mm-for-akm-rifles-30-rounds\/"},"modified":"2025-10-15T12:22:40","modified_gmt":"2025-10-15T09:22:40","slug":"poluemeer-salv-556x45-mm-akm-vintpuessidele-30-padrunit","status":"publish","type":"product","link":"https:\/\/staging.nbg.eu\/et\/toode\/poluemeer-salv-556x45-mm-akm-vintpuessidele-30-padrunit\/","title":{"rendered":"Pol\u00fcmeer salv 5,56&#215;45 mm AKM vintp\u00fcssidele 30 padrunit"},"content":{"rendered":"<div class=\"product-description\">\n<h2>WBP\u00ae pol\u00fcmeerist salv AKM relvadele &#8211; 5,56x45mm (30 padrunit)<\/h2>\n<p>WBP\u00ae 30-padruniga salv AK\/AKM relvadele. Valmistatud l\u00e4bipaistvast pol\u00fcmeerist:<\/p>\n<ul>\n<li>Visuaalne laskemoona kontroll<\/li>\n<li>Kerge ja vastupidav konstruktsioon<\/li>\n<li>Tugevdatud terasest p\u00f5hjaplaat<\/li>\n<li>\u00dchildub enamiku 5,56\u00d745mm AK platvormidega<\/li>\n<\/ul>\n<p>Poola toodetud ja erij\u00f5udude poolt testitud salv. WBP on pereettev\u00f5te, mis toodab salved ise ja kontrollib kvaliteeti.<\/p>\n<p>Salv sobib nii harrastajatele kui professionaalidele.<\/p>\n<\/div>\n","protected":false},"excerpt":{"rendered":"<p>Vastupidav 30-lasuline 5.56x45mm AKM salvekast. L\u00e4bipaistev pol\u00fcmeer, terasest p\u00f5hi.<\/p>\n","protected":false},"featured_media":577205,"template":"","meta":{"_acf_changed":false},"product_brand":[],"product_cat":[610,2764],"product_tag":[],"class_list":{"0":"post-577163","1":"product","2":"type-product","3":"status-publish","4":"has-post-thumbnail","6":"product_cat-rifle-et","7":"product_cat-rifle-magazines-et","9":"first","10":"outofstock","11":"taxable","12":"shipping-taxable","13":"product-type-simple"},"acf":[],"_links":{"self":[{"href":"https:\/\/staging.nbg.eu\/et\/wp-json\/wp\/v2\/product\/577163","targetHints":{"allow":["GET"]}}],"collection":[{"href":"https:\/\/staging.nbg.eu\/et\/wp-json\/wp\/v2\/product"}],"about":[{"href":"https:\/\/staging.nbg.eu\/et\/wp-json\/wp\/v2\/types\/product"}],"wp:featuredmedia":[{"embeddable":true,"href":"https:\/\/staging.nbg.eu\/et\/wp-json\/wp\/v2\/media\/577205"}],"wp:attachment":[{"href":"https:\/\/staging.nbg.eu\/et\/wp-json\/wp\/v2\/media?parent=577163"}],"wp:term":[{"taxonomy":"product_brand","embeddable":true,"href":"https:\/\/staging.nbg.eu\/et\/wp-json\/wp\/v2\/product_brand?post=577163"},{"taxonomy":"product_cat","embeddable":true,"href":"https:\/\/staging.nbg.eu\/et\/wp-json\/wp\/v2\/product_cat?post=577163"},{"taxonomy":"product_tag","embeddable":true,"href":"https:\/\/staging.nbg.eu\/et\/wp-json\/wp\/v2\/product_tag?post=577163"}],"curies":[{"name":"wp","href":"https:\/\/api.w.org\/{rel}","templated":true}]}}