{"id":576683,"date":"2025-10-10T15:52:39","date_gmt":"2025-10-10T12:52:39","guid":{"rendered":"https:\/\/staging.nbg.eu\/product\/adapter-single-arta435-52-52mm\/"},"modified":"2025-10-15T12:10:51","modified_gmt":"2025-10-15T09:10:51","slug":"adapter-uehekordne-arta435-52-52mm","status":"publish","type":"product","link":"https:\/\/staging.nbg.eu\/et\/toode\/adapter-uehekordne-arta435-52-52mm\/","title":{"rendered":"Adapter \u00fchekordne ARTA435-52, 52mm"},"content":{"rendered":"<div class=\"product-description\">\n<h2>\u00dcksik adapter ARTA435-52, 52mm<\/h2>\n<p>ARTA435-52 on kiirkinnitusega kellakujuline adapter Guide TA ja TB termokaameratele. See 52mm adapter on m\u00f5eldud p\u00e4evase sihiku \u00fchendamiseks termokaameraga.<\/p>\n<h2>P\u00f5hiomadused:<\/h2>\n<ul>\n<li>\u00dchildub seadmetega, mis kasutavad M33.5&#215;0.75 keeret<\/li>\n<li>Valmistatud tugevast alumiiniumist<\/li>\n<li>Liikuvad osad on valmistatud karastatud terasest<\/li>\n<li>Spetsiaalne kaitsev sisekate<\/li>\n<li>Tagab kindla haarde ja kaitseb optikat<\/li>\n<li>Kiirkinnitusmehhanism lihtsaks kinnitamiseks<\/li>\n<\/ul>\n<h2>\u00dchilduvus:<\/h2>\n<p>See adapter sobib erinevate termokaameratega, sealhulgas:<\/p>\n<ul>\n<li>Guide TB ja TA seeria<\/li>\n<li>Athlon Cronus ATS Pro<\/li>\n<li>Burris BTC50, BTC35 v2 ja v3<\/li>\n<li>Steiner Nighthunter C35 Gen I ja Gen II<\/li>\n<li>Konus Fiery<\/li>\n<li>Nitehog Viper<\/li>\n<\/ul>\n<p>Veenduge enne ostu, et teie sihiku objektiivi v\u00e4line l\u00e4bim\u00f5\u00f5t on 52mm. Alternatiivsete kinnitusvariantide jaoks kaaluge meie Picatinny siini adaptereid, mis on saadaval erinevates k\u00f5rgustes.<\/p>\n<p>Toodetud Rusan-Mikroni poolt, see adapter tagab sobivuse teie termopildinduse seadmetega.<\/p>\n<\/div>\n","protected":false},"excerpt":{"rendered":"<p>52mm Rusani adapter Guide&#8217;i termokaamerate jaoks. Kiirkinnitusega, alumiiniumist.<\/p>\n","protected":false},"featured_media":576769,"template":"","meta":{"_acf_changed":false},"product_brand":[],"product_cat":[772,2908,2369],"product_tag":[],"class_list":{"0":"post-576683","1":"product","2":"type-product","3":"status-publish","4":"has-post-thumbnail","6":"product_cat-aiming-et","7":"product_cat-aiming-accessories-et","8":"product_cat-thermal-et","10":"first","11":"outofstock","12":"taxable","13":"shipping-taxable","14":"purchasable","15":"product-type-simple"},"acf":[],"_links":{"self":[{"href":"https:\/\/staging.nbg.eu\/et\/wp-json\/wp\/v2\/product\/576683","targetHints":{"allow":["GET"]}}],"collection":[{"href":"https:\/\/staging.nbg.eu\/et\/wp-json\/wp\/v2\/product"}],"about":[{"href":"https:\/\/staging.nbg.eu\/et\/wp-json\/wp\/v2\/types\/product"}],"wp:featuredmedia":[{"embeddable":true,"href":"https:\/\/staging.nbg.eu\/et\/wp-json\/wp\/v2\/media\/576769"}],"wp:attachment":[{"href":"https:\/\/staging.nbg.eu\/et\/wp-json\/wp\/v2\/media?parent=576683"}],"wp:term":[{"taxonomy":"product_brand","embeddable":true,"href":"https:\/\/staging.nbg.eu\/et\/wp-json\/wp\/v2\/product_brand?post=576683"},{"taxonomy":"product_cat","embeddable":true,"href":"https:\/\/staging.nbg.eu\/et\/wp-json\/wp\/v2\/product_cat?post=576683"},{"taxonomy":"product_tag","embeddable":true,"href":"https:\/\/staging.nbg.eu\/et\/wp-json\/wp\/v2\/product_tag?post=576683"}],"curies":[{"name":"wp","href":"https:\/\/api.w.org\/{rel}","templated":true}]}}