{"id":575623,"date":"2025-10-10T12:35:07","date_gmt":"2025-10-10T09:35:07","guid":{"rendered":"https:\/\/staging.nbg.eu\/product\/grips-kmr-l-dotmatrix-ergo-short-for-orca-emiq-pink\/"},"modified":"2025-10-15T11:49:19","modified_gmt":"2025-10-15T08:49:19","slug":"kaeepide-kmr-l-taepimaatriks-ergo-luehike-orca-emiq-jaoks-roosa","status":"publish","type":"product","link":"https:\/\/staging.nbg.eu\/et\/toode\/kaeepide-kmr-l-taepimaatriks-ergo-luehike-orca-emiq-jaoks-roosa\/","title":{"rendered":"K\u00e4epide KMR L t\u00e4pimaatriks ergo l\u00fchike ORCA, EMIQ jaoks roosa"},"content":{"rendered":"<h2>GRIPS KMR L DOTMATRIX ERGO SHORT ORCA ja EMIQ jaoks &#8211; ROOSA<\/h2>\n<p>GRIPS KMR L DOTMATRIX ERGO SHORT ORCA ja EMIQ jaoks roosas v\u00e4rvis. Need duralumiiniumist haardepinnad on golfipallimustrile sarnase tekstuuriga.<\/p>\n<h2>P\u00f5hiomadused:<\/h2>\n<ul>\n<li>Viide: 0611-03204-0110<\/li>\n<li>Tootja: KMR Precision Arms<\/li>\n<li>Suurus: L\u00fchike<\/li>\n<li>Materjal: Anodeeritud duralumiinium<\/li>\n<li>Muster: Golfipall (Dotmatrix Ergo)<\/li>\n<li>Kasutus: Koos salve juhikuga<\/li>\n<li>Komplektis: Torx kruvid<\/li>\n<\/ul>\n<p>Sobib olemasoleva p\u00fcstoli uuendamiseks v\u00f5i v\u00f5istlusp\u00fcstoli koostamiseks. \u00dchildub mudelitega KMR L-02 EMIQ, KMR L-02 EMIQ (OR) ja KMR L-02 ORCA (kuni 2023).<\/p>\n","protected":false},"excerpt":{"rendered":"<p>Roosad duralumiinium k\u00e4epidemed ORCA\/EMIQ jaoks. Golfipalli tekstuuriga. L\u00fchikesed, ergonoomilised.<\/p>\n","protected":false},"featured_media":575651,"template":"","meta":{"_acf_changed":false},"product_brand":[],"product_cat":[910],"product_tag":[],"class_list":{"0":"post-575623","1":"product","2":"type-product","3":"status-publish","4":"has-post-thumbnail","6":"product_cat-kmr-parts-et","8":"first","9":"outofstock","10":"taxable","11":"shipping-taxable","12":"purchasable","13":"product-type-simple"},"acf":[],"_links":{"self":[{"href":"https:\/\/staging.nbg.eu\/et\/wp-json\/wp\/v2\/product\/575623","targetHints":{"allow":["GET"]}}],"collection":[{"href":"https:\/\/staging.nbg.eu\/et\/wp-json\/wp\/v2\/product"}],"about":[{"href":"https:\/\/staging.nbg.eu\/et\/wp-json\/wp\/v2\/types\/product"}],"wp:featuredmedia":[{"embeddable":true,"href":"https:\/\/staging.nbg.eu\/et\/wp-json\/wp\/v2\/media\/575651"}],"wp:attachment":[{"href":"https:\/\/staging.nbg.eu\/et\/wp-json\/wp\/v2\/media?parent=575623"}],"wp:term":[{"taxonomy":"product_brand","embeddable":true,"href":"https:\/\/staging.nbg.eu\/et\/wp-json\/wp\/v2\/product_brand?post=575623"},{"taxonomy":"product_cat","embeddable":true,"href":"https:\/\/staging.nbg.eu\/et\/wp-json\/wp\/v2\/product_cat?post=575623"},{"taxonomy":"product_tag","embeddable":true,"href":"https:\/\/staging.nbg.eu\/et\/wp-json\/wp\/v2\/product_tag?post=575623"}],"curies":[{"name":"wp","href":"https:\/\/api.w.org\/{rel}","templated":true}]}}