{"id":575520,"date":"2025-10-10T12:34:58","date_gmt":"2025-10-10T09:34:58","guid":{"rendered":"https:\/\/staging.nbg.eu\/product\/grips-kmr-l-dotmatrix-ergo-brass\/"},"modified":"2025-10-15T11:44:26","modified_gmt":"2025-10-15T08:44:26","slug":"kaeepide-kmr-l-taepimaatriks-ergo-messing","status":"publish","type":"product","link":"https:\/\/staging.nbg.eu\/et\/toode\/kaeepide-kmr-l-taepimaatriks-ergo-messing\/","title":{"rendered":"K\u00e4epide KMR L t\u00e4pimaatriks ergo messing"},"content":{"rendered":"<h2>GRIPS KMR S DOTMATRIX ERGO MESSING<\/h2>\n<p><strong>Viide:<\/strong> 0611-03001-0316<\/p>\n<p><strong>Br\u00e4nd:<\/strong> KMR Precision Arms<\/p>\n<p>GRIPS KMR S DOTMATRIX ERGO MESSING on m\u00f5eldud t\u00e4psuse ja mugavuse jaoks. Need k\u00e4epidemed sobivad erinevatele KMR ja CZ mudelitele, sealhulgas KMR S-01 LANCE (OR), KMR S-02 (kuni 2023), CZ SHADOW 1, CZ SHADOW 2, CZ SHADOW 2 (OR) ja CZ SP-01.<\/p>\n<p>K\u00e4epidemed on t\u00e4ispikkuses ilma magwellita. Dotmatrix Ergo tekstuur tagab kindla haarde. <\/p>\n<p>K\u00e4epidemed on valmistatud messingust, mis on vastupidav materjal.<\/p>\n","protected":false},"excerpt":{"rendered":"<p>Ergonoomilised messingist haardepidemed KMR-p\u00fcstolitele. Punktmaatriksmuster, t\u00e4ism\u00f5\u00f5dus.<\/p>\n","protected":false},"featured_media":575542,"template":"","meta":{"_acf_changed":false},"product_brand":[],"product_cat":[910],"product_tag":[],"class_list":{"0":"post-575520","1":"product","2":"type-product","3":"status-publish","4":"has-post-thumbnail","6":"product_cat-kmr-parts-et","8":"first","9":"instock","10":"taxable","11":"shipping-taxable","12":"purchasable","13":"product-type-simple"},"acf":[],"_links":{"self":[{"href":"https:\/\/staging.nbg.eu\/et\/wp-json\/wp\/v2\/product\/575520","targetHints":{"allow":["GET"]}}],"collection":[{"href":"https:\/\/staging.nbg.eu\/et\/wp-json\/wp\/v2\/product"}],"about":[{"href":"https:\/\/staging.nbg.eu\/et\/wp-json\/wp\/v2\/types\/product"}],"wp:featuredmedia":[{"embeddable":true,"href":"https:\/\/staging.nbg.eu\/et\/wp-json\/wp\/v2\/media\/575542"}],"wp:attachment":[{"href":"https:\/\/staging.nbg.eu\/et\/wp-json\/wp\/v2\/media?parent=575520"}],"wp:term":[{"taxonomy":"product_brand","embeddable":true,"href":"https:\/\/staging.nbg.eu\/et\/wp-json\/wp\/v2\/product_brand?post=575520"},{"taxonomy":"product_cat","embeddable":true,"href":"https:\/\/staging.nbg.eu\/et\/wp-json\/wp\/v2\/product_cat?post=575520"},{"taxonomy":"product_tag","embeddable":true,"href":"https:\/\/staging.nbg.eu\/et\/wp-json\/wp\/v2\/product_tag?post=575520"}],"curies":[{"name":"wp","href":"https:\/\/api.w.org\/{rel}","templated":true}]}}