{"id":575179,"date":"2025-10-10T12:34:54","date_gmt":"2025-10-10T09:34:54","guid":{"rendered":"https:\/\/staging.nbg.eu\/product\/grips-kmr-l-waves-black\/"},"modified":"2025-10-15T11:31:19","modified_gmt":"2025-10-15T08:31:19","slug":"kaeepide-kmr-l-lained-must","status":"publish","type":"product","link":"https:\/\/staging.nbg.eu\/et\/toode\/kaeepide-kmr-l-lained-must\/","title":{"rendered":"K\u00e4epide KMR L lained must"},"content":{"rendered":"<div class=\"product-description\">\n<h2>GRIPS KMR L WAVES MUST<\/h2>\n<p>GRIPS KMR L WAVES MUST KMR Precision Arms-ilt. Need k\u00e4epidemed on loodud parandama laskmisv\u00f5imeid.<\/p>\n<h2>P\u00f5hiomadused:<\/h2>\n<ul>\n<li>Viide: 0611-05001-0101<\/li>\n<li>V\u00e4rv: Must (Saadaval 10 v\u00e4rvivariantis)<\/li>\n<li>K\u00e4epideme pikkus: T\u00e4issuurus &#8211; ilma salvekateta<\/li>\n<li>Tekstuur: Lained<\/li>\n<li>\u00dchildub KMR L-02 SPECTRA ja UMBRA mudelitega<\/li>\n<\/ul>\n<p>WAVES tekstuur tagab haarde ja kontrolli. Need k\u00e4epidemed parandavad \u00fcldist laskmiskogemust nii v\u00f5istluslaskjate kui ka tulirelvade harrastajate jaoks.<\/p>\n<\/div>\n","protected":false},"excerpt":{"rendered":"<p>Revolutsioonilised mustad WAVES k\u00e4epidemed KMR-relvadele. Maksimaalne kontroll ja t\u00e4psus.<\/p>\n","protected":false},"featured_media":575209,"template":"","meta":{"_acf_changed":false},"product_brand":[],"product_cat":[910],"product_tag":[],"class_list":{"0":"post-575179","1":"product","2":"type-product","3":"status-publish","4":"has-post-thumbnail","6":"product_cat-kmr-parts-et","8":"first","9":"instock","10":"taxable","11":"shipping-taxable","12":"purchasable","13":"product-type-simple"},"acf":[],"_links":{"self":[{"href":"https:\/\/staging.nbg.eu\/et\/wp-json\/wp\/v2\/product\/575179","targetHints":{"allow":["GET"]}}],"collection":[{"href":"https:\/\/staging.nbg.eu\/et\/wp-json\/wp\/v2\/product"}],"about":[{"href":"https:\/\/staging.nbg.eu\/et\/wp-json\/wp\/v2\/types\/product"}],"wp:featuredmedia":[{"embeddable":true,"href":"https:\/\/staging.nbg.eu\/et\/wp-json\/wp\/v2\/media\/575209"}],"wp:attachment":[{"href":"https:\/\/staging.nbg.eu\/et\/wp-json\/wp\/v2\/media?parent=575179"}],"wp:term":[{"taxonomy":"product_brand","embeddable":true,"href":"https:\/\/staging.nbg.eu\/et\/wp-json\/wp\/v2\/product_brand?post=575179"},{"taxonomy":"product_cat","embeddable":true,"href":"https:\/\/staging.nbg.eu\/et\/wp-json\/wp\/v2\/product_cat?post=575179"},{"taxonomy":"product_tag","embeddable":true,"href":"https:\/\/staging.nbg.eu\/et\/wp-json\/wp\/v2\/product_tag?post=575179"}],"curies":[{"name":"wp","href":"https:\/\/api.w.org\/{rel}","templated":true}]}}